{"id":9519,"date":"2018-05-24T10:23:44","date_gmt":"2018-05-24T09:23:44","guid":{"rendered":"http:\/\/niwzimediagroup.com\/fr\/?page_id=9519"},"modified":"2018-05-24T10:23:44","modified_gmt":"2018-05-24T09:23:44","slug":"declaration-de-confidentialite","status":"publish","type":"page","link":"https:\/\/niwzimediagroup.com\/fr\/declaration-de-confidentialite\/","title":{"rendered":"D\u00e9claration de confidentialit\u00e9"},"content":{"rendered":"<p>Niwzi Media Group\/ShopOnSite traite des donn\u00e9es \u00e0 caract\u00e8re personnel conform\u00e9ment \u00e0 la pr\u00e9sente d\u00e9claration relative \u00e0 la protection de la vie priv\u00e9e. Pour plus d\u2019informations ou en cas de questions ou de remarques concernant notre politique relative \u00e0 la protection de la vie priv\u00e9e, vous pouvez vous adresser info@niwzimediagroup.com.<\/p>\n<p><strong>Finalit\u00e9s du traitement<\/strong><br \/>\nNiwzi Media Group\/ShopOnSite collecte et traite les donn\u00e9es \u00e0 caract\u00e8re personnel de clients \u00e0 des fins de gestion de la client\u00e8le et des commandes (notamment administration des clients, suivi des commandes\/livraisons, facturation, suivi de la solvabilit\u00e9, profilage et marketing et envoi de publicit\u00e9 personnalis\u00e9e).<\/p>\n<p><strong>Fondement(s) juridique(s) du traitement<\/strong><br \/>\nLes donn\u00e9es \u00e0 caract\u00e8re personnel sont trait\u00e9es en vertu de l\u2019article 6.1. (f) n\u00e9cessaire pour la d\u00e9fense de notre int\u00e9r\u00eat l\u00e9gitime \u00e0 entreprendre du R\u00e8glement g\u00e9n\u00e9ral pour la protection des donn\u00e9es.<\/p>\n<p><strong>Transmission \u00e0 des tiers<\/strong><br \/>\nSi cela est n\u00e9cessaire pour la r\u00e9alisation des objectifs fix\u00e9s, les donn\u00e9es \u00e0 caract\u00e8re personnel du client seront partag\u00e9es au sein de l\u2019Espace \u00e9conomique europ\u00e9en avec d\u2019autres soci\u00e9t\u00e9s (TeamLeader) qui sont directement ou indirectement li\u00e9es \u00e0 Niwzi Media Group\/ShopOnSite ou \u00e0 tout autre partenaire de Niwzi Media Group\/ShopOnSite.<\/p>\n<p>Niwzi Media Group\/ShopOnSite garantit que ces b\u00e9n\u00e9ficiaires prendront les mesures techniques et organisationnelles n\u00e9cessaires pour prot\u00e9ger les donn\u00e9es \u00e0 caract\u00e8re personnel.<\/p>\n<p><strong>D\u00e9lai de conservation<\/strong><br \/>\nLes donn\u00e9es \u00e0 caract\u00e8re personnel trait\u00e9es \u00e0 des fins de gestion de la client\u00e8le seront conserv\u00e9es durant le d\u00e9lai n\u00e9cessaire pour satisfaire aux exigences l\u00e9gales (notamment sur le plan de la comptabilit\u00e9).<\/p>\n<p><strong>Droit de consultation, de rectification, de suppression, de limitation, d\u2019opposition et de transmissibilit\u00e9 de donn\u00e9es \u00e0 caract\u00e8re personnel.<\/strong><\/p>\n<p>Le client a \u00e0 tout moment le droit de consulter ses donn\u00e9es \u00e0 caract\u00e8re personnel et peut les (faire) rectifier si elles sont incorrectes ou incompl\u00e8tes, les faire supprimer, en limiter le traitement et s\u2019opposer au traitement des donn\u00e9es \u00e0 caract\u00e8re personnel le concernant en vertu de l\u2019article 6.1 (f), y compris le profilage sur la base de ces dispositions.<\/p>\n<p>Le client a en outre le droit d\u2019obtenir une copie (dans un format structur\u00e9, courant et lisible par machine) de ses donn\u00e9es \u00e0 caract\u00e8re personnel et de faire envoyer les donn\u00e9es \u00e0 caract\u00e8re personnel \u00e0 une autre soci\u00e9t\u00e9.<\/p>\n<p>Afin d\u2019exercer les droits susmentionn\u00e9s, il est demand\u00e9 au client d\u2019envoyer un e-mail \u00e0 l\u2019adresse e-mail suivante : info@niwzimediagroup.com<\/p>\n<p><strong>Marketing direct<\/strong><br \/>\nLe client a le droit de s\u2019opposer gratuitement \u00e0 tout traitement de ses donn\u00e9es \u00e0 caract\u00e8re personnel \u00e0 des fins de marketing direct.<\/p>\n<p><strong>Plainte<\/strong><br \/>\nLe client a le droit de d\u00e9poser plainte aupr\u00e8s de la Commission de la protection de la vie priv\u00e9e (Rue de la Presse 35, 1000 Bruxelles &#8211; commission@privacycommission.be).<\/p>\n","protected":false},"excerpt":{"rendered":"<p>Niwzi Media Group\/ShopOnSite traite des donn\u00e9es \u00e0 caract\u00e8re personnel conform\u00e9ment \u00e0 la pr\u00e9sente d\u00e9claration relative \u00e0 la protection de la vie priv\u00e9e. Pour plus d\u2019informations ou en cas de questions ou de remarques concernant notre politique relative \u00e0 la protection<\/p>\n","protected":false},"author":20,"featured_media":0,"parent":0,"menu_order":0,"comment_status":"closed","ping_status":"closed","template":"","meta":{"footnotes":""},"class_list":["post-9519","page","type-page","status-publish","hentry","entry"],"yoast_head":"<!-- This site is optimized with the Yoast SEO plugin v26.2 - https:\/\/yoast.com\/wordpress\/plugins\/seo\/ -->\n<title>D\u00e9claration de confidentialit\u00e9 - NIWZI media group<\/title>\n<meta name=\"robots\" content=\"index, follow, max-snippet:-1, max-image-preview:large, max-video-preview:-1\" \/>\n<link rel=\"canonical\" href=\"https:\/\/niwzimediagroup.com\/fr\/declaration-de-confidentialite\/\" \/>\n<meta property=\"og:locale\" content=\"fr_FR\" \/>\n<meta property=\"og:type\" content=\"article\" \/>\n<meta property=\"og:title\" content=\"D\u00e9claration de confidentialit\u00e9 - NIWZI media group\" \/>\n<meta property=\"og:description\" content=\"Niwzi Media Group\/ShopOnSite traite des donn\u00e9es \u00e0 caract\u00e8re personnel conform\u00e9ment \u00e0 la pr\u00e9sente d\u00e9claration relative \u00e0 la protection de la vie priv\u00e9e. Pour plus d\u2019informations ou en cas de questions ou de remarques concernant notre politique relative \u00e0 la protection\" \/>\n<meta property=\"og:url\" content=\"https:\/\/niwzimediagroup.com\/fr\/declaration-de-confidentialite\/\" \/>\n<meta property=\"og:site_name\" content=\"NIWZI media group\" \/>\n<meta property=\"article:publisher\" content=\"https:\/\/www.facebook.com\/niwzimediagroup\/\" \/>\n<meta name=\"twitter:card\" content=\"summary_large_image\" \/>\n<meta name=\"twitter:site\" content=\"@NiwziMediaGroup\" \/>\n<meta name=\"twitter:label1\" content=\"Est. reading time\" \/>\n\t<meta name=\"twitter:data1\" content=\"2 minutes\" \/>\n<script type=\"application\/ld+json\" class=\"yoast-schema-graph\">{\"@context\":\"https:\/\/schema.org\",\"@graph\":[{\"@type\":\"WebPage\",\"@id\":\"https:\/\/niwzimediagroup.com\/fr\/declaration-de-confidentialite\/\",\"url\":\"https:\/\/niwzimediagroup.com\/fr\/declaration-de-confidentialite\/\",\"name\":\"D\u00e9claration de confidentialit\u00e9 - NIWZI media group\",\"isPartOf\":{\"@id\":\"https:\/\/niwzimediagroup.com\/#website\"},\"datePublished\":\"2018-05-24T09:23:44+00:00\",\"breadcrumb\":{\"@id\":\"https:\/\/niwzimediagroup.com\/fr\/declaration-de-confidentialite\/#breadcrumb\"},\"inLanguage\":\"fr-FR\",\"potentialAction\":[{\"@type\":\"ReadAction\",\"target\":[\"https:\/\/niwzimediagroup.com\/fr\/declaration-de-confidentialite\/\"]}]},{\"@type\":\"BreadcrumbList\",\"@id\":\"https:\/\/niwzimediagroup.com\/fr\/declaration-de-confidentialite\/#breadcrumb\",\"itemListElement\":[{\"@type\":\"ListItem\",\"position\":1,\"name\":\"Home\",\"item\":\"https:\/\/niwzimediagroup.com\/fr\/\"},{\"@type\":\"ListItem\",\"position\":2,\"name\":\"D\u00e9claration de confidentialit\u00e9\"}]},{\"@type\":\"WebSite\",\"@id\":\"https:\/\/niwzimediagroup.com\/#website\",\"url\":\"https:\/\/niwzimediagroup.com\/\",\"name\":\"NIWZI media group\",\"description\":\"We love to publish\",\"potentialAction\":[{\"@type\":\"SearchAction\",\"target\":{\"@type\":\"EntryPoint\",\"urlTemplate\":\"https:\/\/niwzimediagroup.com\/?s={search_term_string}\"},\"query-input\":{\"@type\":\"PropertyValueSpecification\",\"valueRequired\":true,\"valueName\":\"search_term_string\"}}],\"inLanguage\":\"fr-FR\"}]}<\/script>\n<!-- \/ Yoast SEO plugin. -->","yoast_head_json":{"title":"D\u00e9claration de confidentialit\u00e9 - NIWZI media group","robots":{"index":"index","follow":"follow","max-snippet":"max-snippet:-1","max-image-preview":"max-image-preview:large","max-video-preview":"max-video-preview:-1"},"canonical":"https:\/\/niwzimediagroup.com\/fr\/declaration-de-confidentialite\/","og_locale":"fr_FR","og_type":"article","og_title":"D\u00e9claration de confidentialit\u00e9 - NIWZI media group","og_description":"Niwzi Media Group\/ShopOnSite traite des donn\u00e9es \u00e0 caract\u00e8re personnel conform\u00e9ment \u00e0 la pr\u00e9sente d\u00e9claration relative \u00e0 la protection de la vie priv\u00e9e. Pour plus d\u2019informations ou en cas de questions ou de remarques concernant notre politique relative \u00e0 la protection","og_url":"https:\/\/niwzimediagroup.com\/fr\/declaration-de-confidentialite\/","og_site_name":"NIWZI media group","article_publisher":"https:\/\/www.facebook.com\/niwzimediagroup\/","twitter_card":"summary_large_image","twitter_site":"@NiwziMediaGroup","twitter_misc":{"Est. reading time":"2 minutes"},"schema":{"@context":"https:\/\/schema.org","@graph":[{"@type":"WebPage","@id":"https:\/\/niwzimediagroup.com\/fr\/declaration-de-confidentialite\/","url":"https:\/\/niwzimediagroup.com\/fr\/declaration-de-confidentialite\/","name":"D\u00e9claration de confidentialit\u00e9 - NIWZI media group","isPartOf":{"@id":"https:\/\/niwzimediagroup.com\/#website"},"datePublished":"2018-05-24T09:23:44+00:00","breadcrumb":{"@id":"https:\/\/niwzimediagroup.com\/fr\/declaration-de-confidentialite\/#breadcrumb"},"inLanguage":"fr-FR","potentialAction":[{"@type":"ReadAction","target":["https:\/\/niwzimediagroup.com\/fr\/declaration-de-confidentialite\/"]}]},{"@type":"BreadcrumbList","@id":"https:\/\/niwzimediagroup.com\/fr\/declaration-de-confidentialite\/#breadcrumb","itemListElement":[{"@type":"ListItem","position":1,"name":"Home","item":"https:\/\/niwzimediagroup.com\/fr\/"},{"@type":"ListItem","position":2,"name":"D\u00e9claration de confidentialit\u00e9"}]},{"@type":"WebSite","@id":"https:\/\/niwzimediagroup.com\/#website","url":"https:\/\/niwzimediagroup.com\/","name":"NIWZI media group","description":"We love to publish","potentialAction":[{"@type":"SearchAction","target":{"@type":"EntryPoint","urlTemplate":"https:\/\/niwzimediagroup.com\/?s={search_term_string}"},"query-input":{"@type":"PropertyValueSpecification","valueRequired":true,"valueName":"search_term_string"}}],"inLanguage":"fr-FR"}]}},"_links":{"self":[{"href":"https:\/\/niwzimediagroup.com\/fr\/wp-json\/wp\/v2\/pages\/9519","targetHints":{"allow":["GET"]}}],"collection":[{"href":"https:\/\/niwzimediagroup.com\/fr\/wp-json\/wp\/v2\/pages"}],"about":[{"href":"https:\/\/niwzimediagroup.com\/fr\/wp-json\/wp\/v2\/types\/page"}],"author":[{"embeddable":true,"href":"https:\/\/niwzimediagroup.com\/fr\/wp-json\/wp\/v2\/users\/20"}],"replies":[{"embeddable":true,"href":"https:\/\/niwzimediagroup.com\/fr\/wp-json\/wp\/v2\/comments?post=9519"}],"version-history":[{"count":1,"href":"https:\/\/niwzimediagroup.com\/fr\/wp-json\/wp\/v2\/pages\/9519\/revisions"}],"predecessor-version":[{"id":9521,"href":"https:\/\/niwzimediagroup.com\/fr\/wp-json\/wp\/v2\/pages\/9519\/revisions\/9521"}],"wp:attachment":[{"href":"https:\/\/niwzimediagroup.com\/fr\/wp-json\/wp\/v2\/media?parent=9519"}],"curies":[{"name":"wp","href":"https:\/\/api.w.org\/{rel}","templated":true}]}}