{"id":9050,"date":"2016-03-21T09:13:10","date_gmt":"2016-03-21T08:13:10","guid":{"rendered":"http:\/\/niwzimediagroup.com\/fr\/?page_id=9050"},"modified":"2019-10-18T15:59:48","modified_gmt":"2019-10-18T14:59:48","slug":"datafeeds","status":"publish","type":"page","link":"https:\/\/niwzimediagroup.com\/fr\/datafeeds\/","title":{"rendered":"Flux de donn\u00e9es"},"content":{"rendered":"<div class=\"wpb-content-wrapper\">[vc_row css=&#8221;.vc_custom_1455811752219{padding-bottom: 20px !important;}&#8221;][vc_column][vcex_heading text=&#8221;Laissez-nous les informations sur les produits&#8221; font_family=&#8221;Raleway&#8221; tag=&#8221;h2&#8243; font_size=&#8221;28&#8243; css=&#8221;.vc_custom_1458546590242{margin-top: 20px !important;}&#8221;][\/vc_column][\/vc_row][vc_row css=&#8221;.vc_custom_1458048022700{margin-top: 40px !important;margin-bottom: 40px !important;}&#8221;][vc_column][vc_column_text]\n<p style=\"text-align: center;\"><span style=\"font-family: Roboto; font-size: 32px; color: #d4af37;\"><strong> Base de donn\u00e9es sur les produits <\/strong><\/span><\/p>\n[\/vc_column_text]<div data-id=\"mpc_icon_column-756a07020bda351\" class=\"mpc-icon-column mpc-init mpc-parent-hover mpc-transition mpc-icon-column--style_1 mpc-align--center \" ><div class=\"mpc-icon-column__content-wrap\"><div class=\"mpc-icon-column__content\"><div data-id=\"mpc_divider-616a07020bda38a\" class=\"mpc-divider-wrap\"><div class=\"mpc-divider mpc-init mpc-align--center mpc-disable--left \" ><div class=\"mpc-divider__line mpc-side--left\"><span><\/span><\/div><div class=\"mpc-divider__line mpc-side--right\"><span><\/span><\/div><\/div><\/div><div class=\"mpc-icon-column__description\"><p>Vous avez un site de commerce \u00e9lectronique et \u00eates \u00e0 la recherche d&#8217;un partenaire, un fournisseur de contenu pour garder les produits \u00e0 jour? Avec des images riches, vid\u00e9o et les sp\u00e9cifications n\u00e9cessaires?<\/p>\n<p>En tant que plus grand fournisseur de donn\u00e9es sur les produits, nous livrons un flux de donn\u00e9es personnalis\u00e9, adapt\u00e9 aux produits que vous vendez dans votre boutique ou boutique en ligne de commerce \u00e9lectronique.<\/p>\n<\/div><\/div><\/div><\/div>[vc_column_text]\n<p style=\"text-align: center;\"><span style=\"font-family: Roboto; font-size: 32px; color: #d4af37;\"><strong>Liens POS et Comptabilit\u00e9<\/strong><\/span><\/p>\n[\/vc_column_text]<div data-id=\"mpc_icon_column-336a07020bda444\" class=\"mpc-icon-column mpc-init mpc-parent-hover mpc-transition mpc-icon-column--style_1 mpc-align--center \" ><div class=\"mpc-icon-column__content-wrap\"><div class=\"mpc-icon-column__content\"><div data-id=\"mpc_divider-196a07020bda467\" class=\"mpc-divider-wrap\"><div class=\"mpc-divider mpc-init mpc-align--center mpc-disable--left \" ><div class=\"mpc-divider__line mpc-side--left\"><span><\/span><\/div><div class=\"mpc-divider__line mpc-side--right\"><span><\/span><\/div><\/div><\/div><div class=\"mpc-icon-column__description\"><p>Un beau site web ou webshop est une \u00e9tape, mais nous aimons aussi lier cela \u00e0 d&#8217;autres applications commerciales telles que la caisse, la comptabilit\u00e9 ou la gestion de magasin.<\/p>\n<p>Aujourd&#8217;hui, apr\u00e8s tout, il est devenu un &#8220;must&#8221; que le logiciel que vous utilisez en tant que d\u00e9taillant obtient un lien avec une boutique en ligne, un site web ou une application mobile.<\/p>\n<p>Gr\u00e2ce \u00e0 nos int\u00e9grations intelligentes, vous pouvez tout g\u00e9rer en un seul endroit. Cela signifie que le temps et les ressources sont libres de se concentrer vraiment sur les ventes. Et l&#8217;exp\u00e9rience de magasinage reste en ligne.<\/p>\n<\/div><\/div><\/div><\/div>[\/vc_column][\/vc_row][vc_row full_width=&#8221;stretch_row&#8221; css=&#8221;.vc_custom_1458047996908{margin-top: 40px !important;margin-bottom: 40px !important;}&#8221;][vc_column][vc_column_text]\n<p style=\"text-align: center;\"><span style=\"font-family: Roboto; font-size: 32px; color: #d4af37;\"><strong>Liens avec l&#8217;inventaire<br \/>\n<\/strong><\/span><\/p>\n[\/vc_column_text]<div data-id=\"mpc_icon_column-706a07020bda4d2\" class=\"mpc-icon-column mpc-init mpc-parent-hover mpc-transition mpc-icon-column--style_1 mpc-align--center \" ><div class=\"mpc-icon-column__content-wrap\"><div class=\"mpc-icon-column__content\"><div data-id=\"mpc_divider-256a07020bda4f2\" class=\"mpc-divider-wrap\"><div class=\"mpc-divider mpc-init mpc-align--center mpc-disable--left \" ><div class=\"mpc-divider__line mpc-side--left\"><span><\/span><\/div><div class=\"mpc-divider__line mpc-side--right\"><span><\/span><\/div><\/div><\/div><div class=\"mpc-icon-column__description mpc-typography--mpc_preset_44\"><p>Associer votre inventaire \u00e0 votre boutique en ligne est un morceau de g\u00e2teau pour nous, m\u00eame si vous n&#8217;avez pas de logiciel de facturation ou ERP. Mais le stock de vos fournisseurs, marques ou distributeurs peut \u00e9galement \u00eatre li\u00e9 \u00e0 votre boutique en ligne. De cette fa\u00e7on, vous pouvez non seulement informer rapidement vos clients, laisser votre propre stock tourner plus rapidement et tirer du stock de vos fournisseurs. Ceux-ci peuvent organiser l&#8217;exp\u00e9dition de baisse pour que vous ayez leurs produits ramass\u00e9s de vous au magasin et plus \u00e0 un point de ramassage non-sp\u00e9cialis\u00e9 et impersonnel ou point postal.<\/p>\n<\/div><\/div><\/div><\/div>[\/vc_column][\/vc_row][vc_row css=&#8221;.vc_custom_1458047983560{margin-top: 40px !important;margin-bottom: 40px !important;}&#8221;][vc_column css=&#8221;.vc_custom_1458048110461{margin-bottom: 40px !important;}&#8221;][vc_column_text css=&#8221;.vc_custom_1458547343847{margin-bottom: 40px !important;}&#8221;]\n<p style=\"text-align: center;\"><span style=\"font-family: Roboto; font-size: 32px; color: #d4af37;\"><strong>Qu&#8217;est-ce que cela signifie pour vous dans la pratique en tant que d\u00e9taillant?<\/strong><\/span><\/p>\n[\/vc_column_text]<div data-id=\"mpc_callout-966a07020bda583\" class=\"mpc-callout mpc-init mpc-callout--style_3 \" ><div class=\"mpc-callout__icon-wrap\"><div class=\"mpc-callout__icon\"><i class=\"mpc-transition  fa fa-euro\"><\/i><\/div><\/div><div class=\"mpc-callout__content\"><h3 class=\"mpc-callout__heading mpc-typography--mpc_preset_17\">Toujours les bons prix<\/h3><div class=\"mpc-callout__description mpc-typography--mpc_preset_44\"><p>Gr\u00e2ce \u00e0 l&#8217;association des prix des produits, le client peut toujours voir la bonne information. Vous ne devez introduire le prix qu&#8217;\u00e0 un seul endroit.<\/p>\n<\/div><\/div><\/div><div data-id=\"mpc_callout-676a07020bda621\" class=\"mpc-callout mpc-init mpc-callout--style_3 \" ><div class=\"mpc-callout__icon-wrap\"><div class=\"mpc-callout__icon\"><i class=\"mpc-transition  etl etl-documents\"><\/i><\/div><\/div><div class=\"mpc-callout__content\"><h3 class=\"mpc-callout__heading mpc-typography--mpc_preset_17\">Page de produit complet\u00e9e<\/h3><div class=\"mpc-callout__description mpc-typography--mpc_preset_44\"><p><span style=\"font-weight: 400;\">Chaque page de produit est compl\u00e9t\u00e9e avec des descriptions de produit d\u00e9taill\u00e9es, les caract\u00e9ristiques et une photo.<\/span><\/p>\n<\/div><\/div><\/div><div data-id=\"mpc_callout-846a07020bda6a6\" class=\"mpc-callout mpc-init mpc-callout--style_3 \" ><div class=\"mpc-callout__icon-wrap\"><div class=\"mpc-callout__icon\"><i class=\"mpc-transition  etl etl-pictures\"><\/i><\/div><\/div><div class=\"mpc-callout__content\"><h3 class=\"mpc-callout__heading mpc-typography--mpc_preset_17\">Enrichissement des informations sur les produits<\/h3><div class=\"mpc-callout__description mpc-typography--mpc_preset_44\"><p>Outre les informations de produit de base, nous pouvons sur cette page r\u00e9diger des textes sur mesure, ajouter plus de photos ou de vid\u00e9os, et m\u00eame des actions ou des promotions s&#8217;appliquant au produit.<\/p>\n<\/div><\/div><\/div><div data-id=\"mpc_callout-646a07020bda71b\" class=\"mpc-callout mpc-init mpc-callout--style_3 \" ><div class=\"mpc-callout__icon-wrap\"><div class=\"mpc-callout__icon\"><i class=\"mpc-transition  mi mi-local_shipping\"><\/i><\/div><\/div><div class=\"mpc-callout__content\"><h3 class=\"mpc-callout__heading mpc-typography--mpc_preset_17\">Affichage du stock<\/h3><div class=\"mpc-callout__description mpc-typography--mpc_preset_44\"><p>En indiquant le stock ou le d\u00e9lai de livraison, vous donnez des informations claires au client. Cela am\u00e9liore consid\u00e9rablement la conversion.<\/p>\n<\/div><\/div><\/div><div id=\"mpc_grid_anything-966a07020bda776\" class=\"mpc-grid-anything mpc-init \"  data-columns=\"2\"><\/div>[\/vc_column][\/vc_row]\n<\/div>","protected":false},"excerpt":{"rendered":"<p>[vc_row css=&#8221;.vc_custom_1455811752219{padding-bottom: 20px !important;}&#8221;][vc_column][vcex_heading text=&#8221;Laissez-nous les informations sur les produits&#8221; font_family=&#8221;Raleway&#8221; tag=&#8221;h2&#8243; font_size=&#8221;28&#8243; css=&#8221;.vc_custom_1458546590242{margin-top: 20px !important;}&#8221;][\/vc_column][\/vc_row][vc_row css=&#8221;.vc_custom_1458048022700{margin-top: 40px !important;margin-bottom: 40px !important;}&#8221;][vc_column][vc_column_text] Base de donn\u00e9es sur les produits [\/vc_column_text][vc_column_text] Liens POS et Comptabilit\u00e9 [\/vc_column_text][\/vc_column][\/vc_row][vc_row full_width=&#8221;stretch_row&#8221; css=&#8221;.vc_custom_1458047996908{margin-top: 40px !important;margin-bottom: 40px !important;}&#8221;][vc_column][vc_column_text] Liens<\/p>\n","protected":false},"author":14,"featured_media":0,"parent":0,"menu_order":0,"comment_status":"closed","ping_status":"closed","template":"","meta":{"footnotes":""},"class_list":["post-9050","page","type-page","status-publish","hentry","entry"],"yoast_head":"<!-- This site is optimized with the Yoast SEO plugin v26.2 - https:\/\/yoast.com\/wordpress\/plugins\/seo\/ -->\n<title>Flux de donn\u00e9es - NIWZI media group<\/title>\n<meta name=\"robots\" content=\"index, follow, max-snippet:-1, max-image-preview:large, max-video-preview:-1\" \/>\n<link rel=\"canonical\" href=\"https:\/\/niwzimediagroup.com\/fr\/datafeeds\/\" \/>\n<meta property=\"og:locale\" content=\"fr_FR\" \/>\n<meta property=\"og:type\" content=\"article\" \/>\n<meta property=\"og:title\" content=\"Flux de donn\u00e9es - NIWZI media group\" \/>\n<meta property=\"og:description\" content=\"[vc_row css=&#8221;.vc_custom_1455811752219{padding-bottom: 20px !important;}&#8221;][vc_column][vcex_heading text=&#8221;Laissez-nous les informations sur les produits&#8221; font_family=&#8221;Raleway&#8221; tag=&#8221;h2&#8243; font_size=&#8221;28&#8243; css=&#8221;.vc_custom_1458546590242{margin-top: 20px !important;}&#8221;][\/vc_column][\/vc_row][vc_row css=&#8221;.vc_custom_1458048022700{margin-top: 40px !important;margin-bottom: 40px !important;}&#8221;][vc_column][vc_column_text] Base de donn\u00e9es sur les produits [\/vc_column_text][vc_column_text] Liens POS et Comptabilit\u00e9 [\/vc_column_text][\/vc_column][\/vc_row][vc_row full_width=&#8221;stretch_row&#8221; css=&#8221;.vc_custom_1458047996908{margin-top: 40px !important;margin-bottom: 40px !important;}&#8221;][vc_column][vc_column_text] Liens\" \/>\n<meta property=\"og:url\" content=\"https:\/\/niwzimediagroup.com\/fr\/datafeeds\/\" \/>\n<meta property=\"og:site_name\" content=\"NIWZI media group\" \/>\n<meta property=\"article:publisher\" content=\"https:\/\/www.facebook.com\/niwzimediagroup\/\" \/>\n<meta property=\"article:modified_time\" content=\"2019-10-18T14:59:48+00:00\" \/>\n<meta name=\"twitter:card\" content=\"summary_large_image\" \/>\n<meta name=\"twitter:site\" content=\"@NiwziMediaGroup\" \/>\n<meta name=\"twitter:label1\" content=\"Est. reading time\" \/>\n\t<meta name=\"twitter:data1\" content=\"8 minutes\" \/>\n<script type=\"application\/ld+json\" class=\"yoast-schema-graph\">{\"@context\":\"https:\/\/schema.org\",\"@graph\":[{\"@type\":\"WebPage\",\"@id\":\"https:\/\/niwzimediagroup.com\/fr\/datafeeds\/\",\"url\":\"https:\/\/niwzimediagroup.com\/fr\/datafeeds\/\",\"name\":\"Flux de donn\u00e9es - NIWZI media group\",\"isPartOf\":{\"@id\":\"https:\/\/niwzimediagroup.com\/#website\"},\"datePublished\":\"2016-03-21T08:13:10+00:00\",\"dateModified\":\"2019-10-18T14:59:48+00:00\",\"breadcrumb\":{\"@id\":\"https:\/\/niwzimediagroup.com\/fr\/datafeeds\/#breadcrumb\"},\"inLanguage\":\"fr-FR\",\"potentialAction\":[{\"@type\":\"ReadAction\",\"target\":[\"https:\/\/niwzimediagroup.com\/fr\/datafeeds\/\"]}]},{\"@type\":\"BreadcrumbList\",\"@id\":\"https:\/\/niwzimediagroup.com\/fr\/datafeeds\/#breadcrumb\",\"itemListElement\":[{\"@type\":\"ListItem\",\"position\":1,\"name\":\"Home\",\"item\":\"https:\/\/niwzimediagroup.com\/fr\/\"},{\"@type\":\"ListItem\",\"position\":2,\"name\":\"Flux de donn\u00e9es\"}]},{\"@type\":\"WebSite\",\"@id\":\"https:\/\/niwzimediagroup.com\/#website\",\"url\":\"https:\/\/niwzimediagroup.com\/\",\"name\":\"NIWZI media group\",\"description\":\"We love to publish\",\"potentialAction\":[{\"@type\":\"SearchAction\",\"target\":{\"@type\":\"EntryPoint\",\"urlTemplate\":\"https:\/\/niwzimediagroup.com\/?s={search_term_string}\"},\"query-input\":{\"@type\":\"PropertyValueSpecification\",\"valueRequired\":true,\"valueName\":\"search_term_string\"}}],\"inLanguage\":\"fr-FR\"}]}<\/script>\n<!-- \/ Yoast SEO plugin. -->","yoast_head_json":{"title":"Flux de donn\u00e9es - NIWZI media group","robots":{"index":"index","follow":"follow","max-snippet":"max-snippet:-1","max-image-preview":"max-image-preview:large","max-video-preview":"max-video-preview:-1"},"canonical":"https:\/\/niwzimediagroup.com\/fr\/datafeeds\/","og_locale":"fr_FR","og_type":"article","og_title":"Flux de donn\u00e9es - NIWZI media group","og_description":"[vc_row css=&#8221;.vc_custom_1455811752219{padding-bottom: 20px !important;}&#8221;][vc_column][vcex_heading text=&#8221;Laissez-nous les informations sur les produits&#8221; font_family=&#8221;Raleway&#8221; tag=&#8221;h2&#8243; font_size=&#8221;28&#8243; css=&#8221;.vc_custom_1458546590242{margin-top: 20px !important;}&#8221;][\/vc_column][\/vc_row][vc_row css=&#8221;.vc_custom_1458048022700{margin-top: 40px !important;margin-bottom: 40px !important;}&#8221;][vc_column][vc_column_text] Base de donn\u00e9es sur les produits [\/vc_column_text][vc_column_text] Liens POS et Comptabilit\u00e9 [\/vc_column_text][\/vc_column][\/vc_row][vc_row full_width=&#8221;stretch_row&#8221; css=&#8221;.vc_custom_1458047996908{margin-top: 40px !important;margin-bottom: 40px !important;}&#8221;][vc_column][vc_column_text] Liens","og_url":"https:\/\/niwzimediagroup.com\/fr\/datafeeds\/","og_site_name":"NIWZI media group","article_publisher":"https:\/\/www.facebook.com\/niwzimediagroup\/","article_modified_time":"2019-10-18T14:59:48+00:00","twitter_card":"summary_large_image","twitter_site":"@NiwziMediaGroup","twitter_misc":{"Est. reading time":"8 minutes"},"schema":{"@context":"https:\/\/schema.org","@graph":[{"@type":"WebPage","@id":"https:\/\/niwzimediagroup.com\/fr\/datafeeds\/","url":"https:\/\/niwzimediagroup.com\/fr\/datafeeds\/","name":"Flux de donn\u00e9es - NIWZI media group","isPartOf":{"@id":"https:\/\/niwzimediagroup.com\/#website"},"datePublished":"2016-03-21T08:13:10+00:00","dateModified":"2019-10-18T14:59:48+00:00","breadcrumb":{"@id":"https:\/\/niwzimediagroup.com\/fr\/datafeeds\/#breadcrumb"},"inLanguage":"fr-FR","potentialAction":[{"@type":"ReadAction","target":["https:\/\/niwzimediagroup.com\/fr\/datafeeds\/"]}]},{"@type":"BreadcrumbList","@id":"https:\/\/niwzimediagroup.com\/fr\/datafeeds\/#breadcrumb","itemListElement":[{"@type":"ListItem","position":1,"name":"Home","item":"https:\/\/niwzimediagroup.com\/fr\/"},{"@type":"ListItem","position":2,"name":"Flux de donn\u00e9es"}]},{"@type":"WebSite","@id":"https:\/\/niwzimediagroup.com\/#website","url":"https:\/\/niwzimediagroup.com\/","name":"NIWZI media group","description":"We love to publish","potentialAction":[{"@type":"SearchAction","target":{"@type":"EntryPoint","urlTemplate":"https:\/\/niwzimediagroup.com\/?s={search_term_string}"},"query-input":{"@type":"PropertyValueSpecification","valueRequired":true,"valueName":"search_term_string"}}],"inLanguage":"fr-FR"}]}},"_links":{"self":[{"href":"https:\/\/niwzimediagroup.com\/fr\/wp-json\/wp\/v2\/pages\/9050","targetHints":{"allow":["GET"]}}],"collection":[{"href":"https:\/\/niwzimediagroup.com\/fr\/wp-json\/wp\/v2\/pages"}],"about":[{"href":"https:\/\/niwzimediagroup.com\/fr\/wp-json\/wp\/v2\/types\/page"}],"author":[{"embeddable":true,"href":"https:\/\/niwzimediagroup.com\/fr\/wp-json\/wp\/v2\/users\/14"}],"replies":[{"embeddable":true,"href":"https:\/\/niwzimediagroup.com\/fr\/wp-json\/wp\/v2\/comments?post=9050"}],"version-history":[{"count":3,"href":"https:\/\/niwzimediagroup.com\/fr\/wp-json\/wp\/v2\/pages\/9050\/revisions"}],"predecessor-version":[{"id":9821,"href":"https:\/\/niwzimediagroup.com\/fr\/wp-json\/wp\/v2\/pages\/9050\/revisions\/9821"}],"wp:attachment":[{"href":"https:\/\/niwzimediagroup.com\/fr\/wp-json\/wp\/v2\/media?parent=9050"}],"curies":[{"name":"wp","href":"https:\/\/api.w.org\/{rel}","templated":true}]}}