{"id":9027,"date":"2016-03-17T09:20:45","date_gmt":"2016-03-17T08:20:45","guid":{"rendered":"http:\/\/niwzimediagroup.com\/fr\/?page_id=9027"},"modified":"2024-02-03T14:41:16","modified_gmt":"2024-02-03T13:41:16","slug":"contact","status":"publish","type":"page","link":"https:\/\/niwzimediagroup.com\/fr\/contact\/","title":{"rendered":"Contact"},"content":{"rendered":"<div class=\"wpb-content-wrapper\">[vc_row css=&#8221;.vc_custom_1455739250745{padding-bottom: 20px !important;}&#8221;][vc_column][vcex_heading text=&#8221;\u00c9galement int\u00e9ress\u00e9 \u00e0 travailler avec nous?&#8221; font_family=&#8221;Raleway&#8221; tag=&#8221;h2&#8243; font_size=&#8221;28&#8243; css=&#8221;.vc_custom_1458201223076{margin-top: 20px !important;}&#8221;][\/vc_column][\/vc_row][vc_row][vc_column][vc_column_text]\n<p style=\"text-align: center;\">Qu&#8217;est-ce qu&#8217;on peut faire pour vous?<br \/>\nEntrez en contact!<br \/>\n+32 92 980 303<br \/>\ninfo@niwzimediagroup.com<\/p>\n<p style=\"text-align: center;\">Doorniksestraat 6320b<br \/>\n8500 Courtrai \u2013 Belgique<\/p>\n<p>&nbsp;<\/p>\n[\/vc_column_text][\/vc_column][\/vc_row][vc_row css=&#8221;.vc_custom_1457511753057{margin-top: 100px !important;padding-bottom: 30px !important;}&#8221;][vc_column][vcex_heading text=&#8221;Ou veuillez simplement remplir ce formulaire&#8221; font_family=&#8221;Raleway&#8221; text_align=&#8221;center&#8221; font_size=&#8221;28&#8243;][\/vc_column][\/vc_row][vc_row center_row=&#8221;yes&#8221;][vc_column alignment=&#8221;center&#8221;]\n<div class=\"wpcf7 no-js\" id=\"wpcf7-f9029-o1\" lang=\"nl-NL\" dir=\"ltr\" data-wpcf7-id=\"9029\">\n<div class=\"screen-reader-response\"><p role=\"status\" aria-live=\"polite\" aria-atomic=\"true\"><\/p> <ul><\/ul><\/div>\n<form action=\"\/fr\/wp-json\/wp\/v2\/pages\/9027#wpcf7-f9029-o1\" method=\"post\" class=\"wpcf7-form init\" aria-label=\"Contact form\" novalidate=\"novalidate\" data-status=\"init\">\n<fieldset class=\"hidden-fields-container\"><input type=\"hidden\" name=\"_wpcf7\" value=\"9029\" \/><input type=\"hidden\" name=\"_wpcf7_version\" value=\"6.1.3\" \/><input type=\"hidden\" name=\"_wpcf7_locale\" value=\"nl_NL\" \/><input type=\"hidden\" name=\"_wpcf7_unit_tag\" value=\"wpcf7-f9029-o1\" \/><input type=\"hidden\" name=\"_wpcf7_container_post\" value=\"0\" \/><input type=\"hidden\" name=\"_wpcf7_posted_data_hash\" value=\"\" \/>\n<\/fieldset>\n<p><span class=\"wpcf7-form-control-wrap\" data-name=\"Jebericht\"><input size=\"40\" maxlength=\"400\" class=\"wpcf7-form-control wpcf7-text wpcf7-validates-as-required\" aria-required=\"true\" aria-invalid=\"false\" placeholder=\"Votre message\" value=\"\" type=\"text\" name=\"Jebericht\" \/><\/span>\n<\/p>\n<p><span class=\"wpcf7-form-control-wrap\" data-name=\"Naam\"><input size=\"40\" maxlength=\"400\" class=\"wpcf7-form-control wpcf7-text\" aria-invalid=\"false\" placeholder=\"Nom et pr\u00e9nom\" value=\"\" type=\"text\" name=\"Naam\" \/><\/span>\n<\/p>\n<p><span class=\"wpcf7-form-control-wrap\" data-name=\"Email550\"><input size=\"40\" maxlength=\"400\" class=\"wpcf7-form-control wpcf7-email wpcf7-validates-as-required wpcf7-text wpcf7-validates-as-email\" aria-required=\"true\" aria-invalid=\"false\" placeholder=\"Adresse e-mail\" value=\"\" type=\"email\" name=\"Email550\" \/><\/span>\n<\/p>\n<p><span class=\"wpcf7-form-control-wrap\" data-name=\"tel-340\"><input size=\"40\" maxlength=\"400\" class=\"wpcf7-form-control wpcf7-tel wpcf7-text wpcf7-validates-as-tel\" aria-invalid=\"false\" placeholder=\"T\u00e9l\u00e9phone\" value=\"\" type=\"tel\" name=\"tel-340\" \/><\/span>\n<\/p>\n<div style=\"display: flex; margin: 10px auto; justify-content: center;\">\n\t<div id=\"cf7sr-69e88c0459bd4\" class=\"cf7sr-g-recaptcha\" data-theme=\"light\" data-type=\"image\" data-size=\"normal\" data-sitekey=\"6Le2k40UAAAAAGa2EIZQkCMOAOBfwOvXoP0_wRxl\"><\/div><span class=\"wpcf7-form-control-wrap cf7sr-recaptcha\" data-name=\"cf7sr-recaptcha\"><input type=\"hidden\" name=\"cf7sr-recaptcha\" value=\"\" class=\"wpcf7-form-control\"><\/span>\n\t<\/p>\n<\/div>\n<p><input class=\"wpcf7-form-control wpcf7-submit has-spinner\" type=\"submit\" value=\"Envoyez ce message\" \/>\n<\/p><p style=\"display: none !important;\" class=\"akismet-fields-container\" data-prefix=\"_wpcf7_ak_\"><label>&#916;<textarea name=\"_wpcf7_ak_hp_textarea\" cols=\"45\" rows=\"8\" maxlength=\"100\"><\/textarea><\/label><input type=\"hidden\" id=\"ak_js_1\" name=\"_wpcf7_ak_js\" value=\"47\"\/><script>document.getElementById( \"ak_js_1\" ).setAttribute( \"value\", ( new Date() ).getTime() );<\/script><\/p><div class=\"wpcf7-response-output\" aria-hidden=\"true\"><\/div>\n<\/form>\n<\/div>\n[\/vc_column][\/vc_row][vc_row][vc_column][vc_gmaps link=&#8221;#E-8_JTNDaWZyYW1lJTIwc3JjJTNEJTIyaHR0cHMlM0ElMkYlMkZ3d3cuZ29vZ2xlLmNvbSUyRm1hcHMlMkZlbWJlZCUzRnBiJTNEJTIxMW0xNCUyMTFtOCUyMTFtMyUyMTFkMTI2MC4xNjQ1NTAwODU3NTEyJTIxMmQzLjI2NzgzMDg0NTY0NzcxNSUyMTNkNTAuODI1MDY3ODAwNjM1OTIlMjEzbTIlMjExaTEwMjQlMjEyaTc2OCUyMTRmMTMuMSUyMTNtMyUyMTFtMiUyMTFzMHg0N2MzM2E4OWJlNWM1MjQ5JTI1M0EweGIyOGQwNjZjNmY4YTc0YzglMjEyc05pd3ppJTI1MjBNZWRpYSUyNTIwR3JvdXAlMjE1ZTAlMjEzbTIlMjExc2VuJTIxMnMlMjE0djE3MDY5NjY4ODExNDclMjE1bTIlMjExc2VuJTIxMnMlMjIlMjB3aWR0aCUzRCUyMjYwMCUyMiUyMGhlaWdodCUzRCUyMjQ1MCUyMiUyMHN0eWxlJTNEJTIyYm9yZGVyJTNBMCUzQiUyMiUyMGFsbG93ZnVsbHNjcmVlbiUzRCUyMiUyMiUyMGxvYWRpbmclM0QlMjJsYXp5JTIyJTIwcmVmZXJyZXJwb2xpY3klM0QlMjJuby1yZWZlcnJlci13aGVuLWRvd25ncmFkZSUyMiUzRSUzQyUyRmlmcmFtZSUzRQ==&#8221;][\/vc_column][\/vc_row]\n<\/div>","protected":false},"excerpt":{"rendered":"<p>[vc_row css=&#8221;.vc_custom_1455739250745{padding-bottom: 20px !important;}&#8221;][vc_column][vcex_heading text=&#8221;\u00c9galement int\u00e9ress\u00e9 \u00e0 travailler avec nous?&#8221; font_family=&#8221;Raleway&#8221; tag=&#8221;h2&#8243; font_size=&#8221;28&#8243; css=&#8221;.vc_custom_1458201223076{margin-top: 20px !important;}&#8221;][\/vc_column][\/vc_row][vc_row][vc_column][vc_column_text] Qu&#8217;est-ce qu&#8217;on peut faire pour vous? Entrez en contact! +32 92 980 303 info@niwzimediagroup.com Doorniksestraat 6320b 8500 Courtrai \u2013 Belgique &nbsp; [\/vc_column_text][\/vc_column][\/vc_row][vc_row css=&#8221;.vc_custom_1457511753057{margin-top: 100px<\/p>\n","protected":false},"author":14,"featured_media":0,"parent":0,"menu_order":0,"comment_status":"closed","ping_status":"closed","template":"","meta":{"footnotes":""},"class_list":["post-9027","page","type-page","status-publish","hentry","entry"],"yoast_head":"<!-- This site is optimized with the Yoast SEO plugin v26.2 - https:\/\/yoast.com\/wordpress\/plugins\/seo\/ -->\n<title>Contact - NIWZI media group<\/title>\n<meta name=\"robots\" content=\"index, follow, max-snippet:-1, max-image-preview:large, max-video-preview:-1\" \/>\n<link rel=\"canonical\" href=\"https:\/\/niwzimediagroup.com\/fr\/contact\/\" \/>\n<meta property=\"og:locale\" content=\"fr_FR\" \/>\n<meta property=\"og:type\" content=\"article\" \/>\n<meta property=\"og:title\" content=\"Contact - NIWZI media group\" \/>\n<meta property=\"og:description\" content=\"[vc_row css=&#8221;.vc_custom_1455739250745{padding-bottom: 20px !important;}&#8221;][vc_column][vcex_heading text=&#8221;\u00c9galement int\u00e9ress\u00e9 \u00e0 travailler avec nous?&#8221; font_family=&#8221;Raleway&#8221; tag=&#8221;h2&#8243; font_size=&#8221;28&#8243; css=&#8221;.vc_custom_1458201223076{margin-top: 20px !important;}&#8221;][\/vc_column][\/vc_row][vc_row][vc_column][vc_column_text] Qu&#8217;est-ce qu&#8217;on peut faire pour vous? Entrez en contact! +32 92 980 303 info@niwzimediagroup.com Doorniksestraat 6320b 8500 Courtrai \u2013 Belgique &nbsp; [\/vc_column_text][\/vc_column][\/vc_row][vc_row css=&#8221;.vc_custom_1457511753057{margin-top: 100px\" \/>\n<meta property=\"og:url\" content=\"https:\/\/niwzimediagroup.com\/fr\/contact\/\" \/>\n<meta property=\"og:site_name\" content=\"NIWZI media group\" \/>\n<meta property=\"article:publisher\" content=\"https:\/\/www.facebook.com\/niwzimediagroup\/\" \/>\n<meta property=\"article:modified_time\" content=\"2024-02-03T13:41:16+00:00\" \/>\n<meta name=\"twitter:card\" content=\"summary_large_image\" \/>\n<meta name=\"twitter:site\" content=\"@NiwziMediaGroup\" \/>\n<meta name=\"twitter:label1\" content=\"Est. reading time\" \/>\n\t<meta name=\"twitter:data1\" content=\"1 minute\" \/>\n<script type=\"application\/ld+json\" class=\"yoast-schema-graph\">{\"@context\":\"https:\/\/schema.org\",\"@graph\":[{\"@type\":\"WebPage\",\"@id\":\"https:\/\/niwzimediagroup.com\/fr\/contact\/\",\"url\":\"https:\/\/niwzimediagroup.com\/fr\/contact\/\",\"name\":\"Contact - NIWZI media group\",\"isPartOf\":{\"@id\":\"https:\/\/niwzimediagroup.com\/#website\"},\"datePublished\":\"2016-03-17T08:20:45+00:00\",\"dateModified\":\"2024-02-03T13:41:16+00:00\",\"breadcrumb\":{\"@id\":\"https:\/\/niwzimediagroup.com\/fr\/contact\/#breadcrumb\"},\"inLanguage\":\"fr-FR\",\"potentialAction\":[{\"@type\":\"ReadAction\",\"target\":[\"https:\/\/niwzimediagroup.com\/fr\/contact\/\"]}]},{\"@type\":\"BreadcrumbList\",\"@id\":\"https:\/\/niwzimediagroup.com\/fr\/contact\/#breadcrumb\",\"itemListElement\":[{\"@type\":\"ListItem\",\"position\":1,\"name\":\"Home\",\"item\":\"https:\/\/niwzimediagroup.com\/fr\/\"},{\"@type\":\"ListItem\",\"position\":2,\"name\":\"Contact\"}]},{\"@type\":\"WebSite\",\"@id\":\"https:\/\/niwzimediagroup.com\/#website\",\"url\":\"https:\/\/niwzimediagroup.com\/\",\"name\":\"NIWZI media group\",\"description\":\"We love to publish\",\"potentialAction\":[{\"@type\":\"SearchAction\",\"target\":{\"@type\":\"EntryPoint\",\"urlTemplate\":\"https:\/\/niwzimediagroup.com\/?s={search_term_string}\"},\"query-input\":{\"@type\":\"PropertyValueSpecification\",\"valueRequired\":true,\"valueName\":\"search_term_string\"}}],\"inLanguage\":\"fr-FR\"}]}<\/script>\n<!-- \/ Yoast SEO plugin. -->","yoast_head_json":{"title":"Contact - NIWZI media group","robots":{"index":"index","follow":"follow","max-snippet":"max-snippet:-1","max-image-preview":"max-image-preview:large","max-video-preview":"max-video-preview:-1"},"canonical":"https:\/\/niwzimediagroup.com\/fr\/contact\/","og_locale":"fr_FR","og_type":"article","og_title":"Contact - NIWZI media group","og_description":"[vc_row css=&#8221;.vc_custom_1455739250745{padding-bottom: 20px !important;}&#8221;][vc_column][vcex_heading text=&#8221;\u00c9galement int\u00e9ress\u00e9 \u00e0 travailler avec nous?&#8221; font_family=&#8221;Raleway&#8221; tag=&#8221;h2&#8243; font_size=&#8221;28&#8243; css=&#8221;.vc_custom_1458201223076{margin-top: 20px !important;}&#8221;][\/vc_column][\/vc_row][vc_row][vc_column][vc_column_text] Qu&#8217;est-ce qu&#8217;on peut faire pour vous? Entrez en contact! +32 92 980 303 info@niwzimediagroup.com Doorniksestraat 6320b 8500 Courtrai \u2013 Belgique &nbsp; [\/vc_column_text][\/vc_column][\/vc_row][vc_row css=&#8221;.vc_custom_1457511753057{margin-top: 100px","og_url":"https:\/\/niwzimediagroup.com\/fr\/contact\/","og_site_name":"NIWZI media group","article_publisher":"https:\/\/www.facebook.com\/niwzimediagroup\/","article_modified_time":"2024-02-03T13:41:16+00:00","twitter_card":"summary_large_image","twitter_site":"@NiwziMediaGroup","twitter_misc":{"Est. reading time":"1 minute"},"schema":{"@context":"https:\/\/schema.org","@graph":[{"@type":"WebPage","@id":"https:\/\/niwzimediagroup.com\/fr\/contact\/","url":"https:\/\/niwzimediagroup.com\/fr\/contact\/","name":"Contact - NIWZI media group","isPartOf":{"@id":"https:\/\/niwzimediagroup.com\/#website"},"datePublished":"2016-03-17T08:20:45+00:00","dateModified":"2024-02-03T13:41:16+00:00","breadcrumb":{"@id":"https:\/\/niwzimediagroup.com\/fr\/contact\/#breadcrumb"},"inLanguage":"fr-FR","potentialAction":[{"@type":"ReadAction","target":["https:\/\/niwzimediagroup.com\/fr\/contact\/"]}]},{"@type":"BreadcrumbList","@id":"https:\/\/niwzimediagroup.com\/fr\/contact\/#breadcrumb","itemListElement":[{"@type":"ListItem","position":1,"name":"Home","item":"https:\/\/niwzimediagroup.com\/fr\/"},{"@type":"ListItem","position":2,"name":"Contact"}]},{"@type":"WebSite","@id":"https:\/\/niwzimediagroup.com\/#website","url":"https:\/\/niwzimediagroup.com\/","name":"NIWZI media group","description":"We love to publish","potentialAction":[{"@type":"SearchAction","target":{"@type":"EntryPoint","urlTemplate":"https:\/\/niwzimediagroup.com\/?s={search_term_string}"},"query-input":{"@type":"PropertyValueSpecification","valueRequired":true,"valueName":"search_term_string"}}],"inLanguage":"fr-FR"}]}},"_links":{"self":[{"href":"https:\/\/niwzimediagroup.com\/fr\/wp-json\/wp\/v2\/pages\/9027","targetHints":{"allow":["GET"]}}],"collection":[{"href":"https:\/\/niwzimediagroup.com\/fr\/wp-json\/wp\/v2\/pages"}],"about":[{"href":"https:\/\/niwzimediagroup.com\/fr\/wp-json\/wp\/v2\/types\/page"}],"author":[{"embeddable":true,"href":"https:\/\/niwzimediagroup.com\/fr\/wp-json\/wp\/v2\/users\/14"}],"replies":[{"embeddable":true,"href":"https:\/\/niwzimediagroup.com\/fr\/wp-json\/wp\/v2\/comments?post=9027"}],"version-history":[{"count":13,"href":"https:\/\/niwzimediagroup.com\/fr\/wp-json\/wp\/v2\/pages\/9027\/revisions"}],"predecessor-version":[{"id":10486,"href":"https:\/\/niwzimediagroup.com\/fr\/wp-json\/wp\/v2\/pages\/9027\/revisions\/10486"}],"wp:attachment":[{"href":"https:\/\/niwzimediagroup.com\/fr\/wp-json\/wp\/v2\/media?parent=9027"}],"curies":[{"name":"wp","href":"https:\/\/api.w.org\/{rel}","templated":true}]}}