{"id":8812,"date":"2016-03-14T14:01:03","date_gmt":"2016-03-14T13:01:03","guid":{"rendered":"http:\/\/niwzimediagroup.com\/fr\/?page_id=8812"},"modified":"2016-03-16T21:06:19","modified_gmt":"2016-03-16T20:06:19","slug":"plateforme-magazines","status":"publish","type":"page","link":"https:\/\/niwzimediagroup.com\/fr\/plateforme-magazines\/","title":{"rendered":"Magazines"},"content":{"rendered":"<div class=\"wpb-content-wrapper\">[vc_row][vc_column][vcex_heading text=&#8221;Nos magazines : un contenu de qualit\u00e9, des concr\u00e9tisations de ventes \u00e9lev\u00e9es&#8221; font_family=&#8221;Raleway&#8221; tag=&#8221;h2&#8243; font_size=&#8221;28&#8243; css=&#8221;.vc_custom_1457960121701{margin-top: 20px !important;}&#8221;][\/vc_column][\/vc_row][vc_row css=&#8221;.vc_custom_1456397456516{margin-bottom: 20px !important;}&#8221;][vc_column]<div data-id=\"mpc_icon_column-546a0701852af7d\" class=\"mpc-icon-column mpc-init mpc-parent-hover mpc-transition mpc-icon-column--style_1 mpc-align--center \" ><div data-id=\"mpc_icon-676a0701852afbd\" class=\"mpc-icon mpc-init mpc-transition mpc-effect-none \"><div class=\"mpc-icon-wrap\"><i class=\"mpc-icon-part mpc-regular mpc-transition \"><\/i><\/div><\/div><div class=\"mpc-icon-column__content-wrap\"><div class=\"mpc-icon-column__content\"><div data-id=\"mpc_divider-576a0701852afe4\" class=\"mpc-divider-wrap\"><div class=\"mpc-divider mpc-init mpc-align--center mpc-disable--left \" ><div class=\"mpc-divider__line mpc-side--left\"><span><\/span><\/div><div class=\"mpc-divider__line mpc-side--right\"><span><\/span><\/div><\/div><\/div><div class=\"mpc-icon-column__description mpc-typography--mpc_preset_44\"><p>Nos magazines en ligne constituent la force motrice pour les revendeurs et marques. C&#8217;est l&#8217;endroit o\u00f9 les lecteurs sont inspir\u00e9s par les nouveaux produits, les derni\u00e8res tendances ou une couverture approfondie.<\/p>\n<p>De plus, davantage d&#8217;informations d\u00e9taill\u00e9es au sujet de ces produits s&#8217;offrent aux lecteurs dans notre base de donn\u00e9es de produits Niwzi. Ces produits sont toujours \u00e0 jour gr\u00e2ce aux informations que les marques nous fournissent.<\/p>\n<p>Notre objectif est simple : connecter les lecteurs aux magasins et marques.<\/p>\n<\/div><\/div><\/div><\/div>[\/vc_column][\/vc_row][vc_row full_width=&#8221;stretch_row&#8221; css=&#8221;.vc_custom_1455830773610{padding-top: 50px !important;background-color: #f3f3f3 !important;}&#8221;][vc_column width=&#8221;1\/2&#8243;]<div data-id=\"mpc_icon_column-586a0701852b06d\" class=\"mpc-icon-column mpc-init mpc-parent-hover mpc-transition mpc-icon-column--style_1 mpc-align--left \" ><div class=\"mpc-icon-column__content-wrap\"><div class=\"mpc-icon-column__content\"><h3 class=\"mpc-icon-column__heading mpc-typography--mpc_preset_17 mpc-transition\">Informations<\/h3><div data-id=\"mpc_divider-116a0701852b08d\" class=\"mpc-divider-wrap\"><div class=\"mpc-divider mpc-init mpc-align--center mpc-disable--left \" ><div class=\"mpc-divider__line mpc-side--left\"><span><\/span><\/div><div class=\"mpc-divider__line mpc-side--right\"><span><\/span><\/div><\/div><\/div><div class=\"mpc-icon-column__description mpc-typography--mpc_preset_44\"><p>Des informations de derni\u00e8re minute, une annonce majeure durant un salon, une revue de presse ou un \u00e9l\u00e9ment trouv\u00e9 sur le web. Les informations rev\u00eatent de nombreuses formes diff\u00e9rentes.<\/p>\n<p>Notre \u00e9quipe \u00e9ditoriale r\u00e9dige des articles qui invitent \u00e0 r\u00e9fl\u00e9chir, des rapports sur les nouvelles tendances et les lancements de produits qui se distinguent du lot mais fournit \u00e9galement des conseils lorsque vous envisagez d&#8217;acheter de nouveaux \u00e9quipements \u00e9lectroniques pour la maison, des ustensiles de cuisine, de la d\u00e9coration ou des accessoires de design.<\/p>\n<p>Nous visitons de nombreux salons et journ\u00e9es de presse. Parmi ces \u00e9v\u00e9nements, citons entre autres Batibouw, Ambiente, Light+Building ou encore Interieur. Nous interviewons les experts et porte-parole de grandes marques.<\/p>\n<\/div><\/div><\/div><\/div>[\/vc_column][vc_column width=&#8221;1\/2&#8243;]<div class=\"mpc-ribbon-wrap\"><div id=\"mpc_image-436a0701852b5a6\" onclick=\"\" class=\"mpc-image mpc-init  mpc-overlay--fade\"  data-align=\"middle-center\"><div class=\"mpc-item mpc-transition\"><img fetchpriority=\"high\" decoding=\"async\" width=\"800\" height=\"796\" src=\"https:\/\/niwzimediagroup.com\/wp-content\/uploads\/2016\/01\/elektrozine-beeld-geluid.jpg\" class=\"mpc-transition attachment-full\" alt=\"\" title=\"elektrozine-beeld-geluid\" srcset=\"https:\/\/niwzimediagroup.com\/wp-content\/uploads\/2016\/01\/elektrozine-beeld-geluid.jpg 800w, https:\/\/niwzimediagroup.com\/wp-content\/uploads\/2016\/01\/elektrozine-beeld-geluid-100x100.jpg 100w, https:\/\/niwzimediagroup.com\/wp-content\/uploads\/2016\/01\/elektrozine-beeld-geluid-590x587.jpg 590w, https:\/\/niwzimediagroup.com\/wp-content\/uploads\/2016\/01\/elektrozine-beeld-geluid-80x80.jpg 80w, https:\/\/niwzimediagroup.com\/wp-content\/uploads\/2016\/01\/elektrozine-beeld-geluid-300x300.jpg 300w, https:\/\/niwzimediagroup.com\/wp-content\/uploads\/2016\/01\/elektrozine-beeld-geluid-768x764.jpg 768w\" sizes=\"(max-width: 800px) 100vw, 800px\" \/><div class=\"mpc-item-overlay mpc-transition\"><div class=\"mpc-overlay--vertical-wrap\"><div class=\"mpc-overlay--vertical\"><a class=\"mpc-icon-anchor\"><i class=\"mpc-item-overlay__icon mpc-type--external mpc-icon--icon etl etl-laptop\"><\/i><\/a><\/div><\/div><\/div><\/div><\/div><div id=\"mpc_ribbon-566a0701852b5ce\" class=\"mpc-ribbon mpc-init mpc-typography--mpc_preset_20 mpc-alignment--top-right mpc-style--classic \"><div class=\"mpc-ribbon__content\">elektrozine.be<\/div><\/div><\/div>[\/vc_column][\/vc_row][vc_row full_width=&#8221;stretch_row&#8221; css=&#8221;.vc_custom_1455831024867{padding-top: 50px !important;background-color: #ffffff !important;}&#8221;][vc_column width=&#8221;1\/2&#8243;]<div class=\"mpc-ribbon-wrap\"><div id=\"mpc_image-226a0701852bb15\" onclick=\"\" class=\"mpc-image mpc-init  mpc-overlay--fade\"  data-align=\"middle-center\"><div class=\"mpc-item mpc-transition\"><img decoding=\"async\" width=\"800\" height=\"744\" src=\"https:\/\/niwzimediagroup.com\/wp-content\/uploads\/2016\/01\/screenshot-cuizine.jpg\" class=\"mpc-transition attachment-full\" alt=\"cuizine.be\" title=\"screenshot-cuizine\" srcset=\"https:\/\/niwzimediagroup.com\/wp-content\/uploads\/2016\/01\/screenshot-cuizine.jpg 800w, https:\/\/niwzimediagroup.com\/wp-content\/uploads\/2016\/01\/screenshot-cuizine-590x549.jpg 590w, https:\/\/niwzimediagroup.com\/wp-content\/uploads\/2016\/01\/screenshot-cuizine-300x279.jpg 300w, https:\/\/niwzimediagroup.com\/wp-content\/uploads\/2016\/01\/screenshot-cuizine-768x714.jpg 768w\" sizes=\"(max-width: 800px) 100vw, 800px\" \/><div class=\"mpc-item-overlay mpc-transition\"><div class=\"mpc-overlay--vertical-wrap\"><div class=\"mpc-overlay--vertical\"><a class=\"mpc-icon-anchor\"><i class=\"mpc-item-overlay__icon mpc-type--external mpc-icon--icon etl etl-laptop\"><\/i><\/a><\/div><\/div><\/div><\/div><\/div><div id=\"mpc_ribbon-126a0701852bb3f\" class=\"mpc-ribbon mpc-init mpc-typography--mpc_preset_20 mpc-alignment--top-right mpc-style--classic \"><div class=\"mpc-ribbon__content\">cuizine.be<\/div><\/div><\/div>[\/vc_column][vc_column width=&#8221;1\/2&#8243;]<div data-id=\"mpc_icon_column-956a0701852bbaf\" class=\"mpc-icon-column mpc-init mpc-parent-hover mpc-transition mpc-icon-column--style_1 mpc-align--left \" ><div class=\"mpc-icon-column__content-wrap\"><div class=\"mpc-icon-column__content\"><h3 class=\"mpc-icon-column__heading mpc-typography--mpc_preset_17 mpc-transition\">Comptes rendus<\/h3><div data-id=\"mpc_divider-166a0701852bbda\" class=\"mpc-divider-wrap\"><div class=\"mpc-divider mpc-init mpc-align--center mpc-disable--left \" ><div class=\"mpc-divider__line mpc-side--left\"><span><\/span><\/div><div class=\"mpc-divider__line mpc-side--right\"><span><\/span><\/div><\/div><\/div><div class=\"mpc-icon-column__description mpc-typography--mpc_preset_44\"><p>Bon nombre de nos lecteurs sont les premiers au sein de leur cercle d&#8217;amis et de leur famille \u00e0 essayer, acheter et formuler des conseils sur de nouveaux \u00e9quipements \u00e9lectroniques pour la maison ou au sujet des ustensiles de cuisine.<\/p>\n<p>Ils consultent r\u00e9guli\u00e8rement nos magazines en ligne \u00e0 la recherche d&#8217;avis fiables et de recommandations au sujet des produits et tendances.<\/p>\n<\/div><\/div><\/div><\/div>[\/vc_column][\/vc_row][vc_row full_width=&#8221;stretch_row&#8221; css=&#8221;.vc_custom_1455830773610{padding-top: 50px !important;background-color: #f3f3f3 !important;}&#8221;][vc_column width=&#8221;1\/2&#8243;]<div data-id=\"mpc_icon_column-486a0701852bc5a\" class=\"mpc-icon-column mpc-init mpc-parent-hover mpc-transition mpc-icon-column--style_1 mpc-align--left \" ><div class=\"mpc-icon-column__content-wrap\"><div class=\"mpc-icon-column__content\"><h3 class=\"mpc-icon-column__heading mpc-typography--mpc_preset_17 mpc-transition\">Base de donn\u00e9es de produits<\/h3><div data-id=\"mpc_divider-876a0701852bc7d\" class=\"mpc-divider-wrap\"><div class=\"mpc-divider mpc-init mpc-align--center mpc-disable--left \" ><div class=\"mpc-divider__line mpc-side--left\"><span><\/span><\/div><div class=\"mpc-divider__line mpc-side--right\"><span><\/span><\/div><\/div><\/div><div class=\"mpc-icon-column__description mpc-typography--mpc_preset_44\"><p>Notre vaste base de donn\u00e9es de produits allie tous ces \u00e9l\u00e9ments. Lorsque nous couvrons un produit ou une annonce dans l&#8217;un de nos magazines, nous y adjoignons un lien vers la fiche du produit dans Niwzi.<\/p>\n<p>Dans Niwzi, le lecteur peut poursuivre sa recherche d&#8217;un produit d\u00e9termin\u00e9, le comparer \u00e0 d&#8217;autres produits, voir les sp\u00e9cifications d\u00e9taill\u00e9es, des photos et vid\u00e9os ou encore v\u00e9rifier o\u00f9 il est possible d&#8217;acheter ce produit en magasin.<\/p>\n<\/div><\/div><\/div><\/div>[\/vc_column][vc_column width=&#8221;1\/2&#8243;]<div class=\"mpc-ribbon-wrap\"><div id=\"mpc_image-616a0701852be6a\" onclick=\"\" class=\"mpc-image mpc-init  mpc-overlay--fade\"  data-align=\"middle-center\"><div class=\"mpc-item mpc-transition\"><img fetchpriority=\"high\" decoding=\"async\" width=\"800\" height=\"796\" src=\"https:\/\/niwzimediagroup.com\/wp-content\/uploads\/2016\/01\/elektrozine-beeld-geluid.jpg\" class=\"mpc-transition attachment-full\" alt=\"\" title=\"elektrozine-beeld-geluid\" srcset=\"https:\/\/niwzimediagroup.com\/wp-content\/uploads\/2016\/01\/elektrozine-beeld-geluid.jpg 800w, https:\/\/niwzimediagroup.com\/wp-content\/uploads\/2016\/01\/elektrozine-beeld-geluid-100x100.jpg 100w, https:\/\/niwzimediagroup.com\/wp-content\/uploads\/2016\/01\/elektrozine-beeld-geluid-590x587.jpg 590w, https:\/\/niwzimediagroup.com\/wp-content\/uploads\/2016\/01\/elektrozine-beeld-geluid-80x80.jpg 80w, https:\/\/niwzimediagroup.com\/wp-content\/uploads\/2016\/01\/elektrozine-beeld-geluid-300x300.jpg 300w, https:\/\/niwzimediagroup.com\/wp-content\/uploads\/2016\/01\/elektrozine-beeld-geluid-768x764.jpg 768w\" sizes=\"(max-width: 800px) 100vw, 800px\" \/><div class=\"mpc-item-overlay mpc-transition\"><div class=\"mpc-overlay--vertical-wrap\"><div class=\"mpc-overlay--vertical\"><a class=\"mpc-icon-anchor\"><i class=\"mpc-item-overlay__icon mpc-type--external mpc-icon--icon etl etl-laptop\"><\/i><\/a><\/div><\/div><\/div><\/div><\/div><div id=\"mpc_ribbon-866a0701852be96\" class=\"mpc-ribbon mpc-init mpc-typography--mpc_preset_20 mpc-alignment--top-right mpc-style--classic \"><div class=\"mpc-ribbon__content\">decozine.be<\/div><\/div><\/div>[\/vc_column][\/vc_row][vc_row][vc_column][\/vc_column][\/vc_row]\n<\/div>","protected":false},"excerpt":{"rendered":"<p>[vc_row][vc_column][vcex_heading text=&#8221;Nos magazines : un contenu de qualit\u00e9, des concr\u00e9tisations de ventes \u00e9lev\u00e9es&#8221; font_family=&#8221;Raleway&#8221; tag=&#8221;h2&#8243; font_size=&#8221;28&#8243; css=&#8221;.vc_custom_1457960121701{margin-top: 20px !important;}&#8221;][\/vc_column][\/vc_row][vc_row css=&#8221;.vc_custom_1456397456516{margin-bottom: 20px !important;}&#8221;][vc_column][\/vc_column][\/vc_row][vc_row full_width=&#8221;stretch_row&#8221; css=&#8221;.vc_custom_1455830773610{padding-top: 50px !important;background-color: #f3f3f3 !important;}&#8221;][vc_column width=&#8221;1\/2&#8243;][\/vc_column][vc_column width=&#8221;1\/2&#8243;][\/vc_column][\/vc_row][vc_row full_width=&#8221;stretch_row&#8221; css=&#8221;.vc_custom_1455831024867{padding-top: 50px !important;background-color: #ffffff !important;}&#8221;][vc_column width=&#8221;1\/2&#8243;][\/vc_column][vc_column width=&#8221;1\/2&#8243;][\/vc_column][\/vc_row][vc_row full_width=&#8221;stretch_row&#8221; css=&#8221;.vc_custom_1455830773610{padding-top:<\/p>\n","protected":false},"author":14,"featured_media":0,"parent":0,"menu_order":0,"comment_status":"closed","ping_status":"closed","template":"","meta":{"footnotes":""},"class_list":["post-8812","page","type-page","status-publish","hentry","entry"],"yoast_head":"<!-- This site is optimized with the Yoast SEO plugin v26.2 - https:\/\/yoast.com\/wordpress\/plugins\/seo\/ -->\n<title>Magazines - NIWZI media group<\/title>\n<meta name=\"robots\" content=\"index, follow, max-snippet:-1, max-image-preview:large, max-video-preview:-1\" \/>\n<link rel=\"canonical\" href=\"https:\/\/niwzimediagroup.com\/fr\/plateforme-magazines\/\" \/>\n<meta property=\"og:locale\" content=\"fr_FR\" \/>\n<meta property=\"og:type\" content=\"article\" \/>\n<meta property=\"og:title\" content=\"Magazines - NIWZI media group\" \/>\n<meta property=\"og:description\" content=\"[vc_row][vc_column][vcex_heading text=&#8221;Nos magazines : un contenu de qualit\u00e9, des concr\u00e9tisations de ventes \u00e9lev\u00e9es&#8221; font_family=&#8221;Raleway&#8221; tag=&#8221;h2&#8243; font_size=&#8221;28&#8243; css=&#8221;.vc_custom_1457960121701{margin-top: 20px !important;}&#8221;][\/vc_column][\/vc_row][vc_row css=&#8221;.vc_custom_1456397456516{margin-bottom: 20px !important;}&#8221;][vc_column][\/vc_column][\/vc_row][vc_row full_width=&#8221;stretch_row&#8221; css=&#8221;.vc_custom_1455830773610{padding-top: 50px !important;background-color: #f3f3f3 !important;}&#8221;][vc_column width=&#8221;1\/2&#8243;][\/vc_column][vc_column width=&#8221;1\/2&#8243;][\/vc_column][\/vc_row][vc_row full_width=&#8221;stretch_row&#8221; css=&#8221;.vc_custom_1455831024867{padding-top: 50px !important;background-color: #ffffff !important;}&#8221;][vc_column width=&#8221;1\/2&#8243;][\/vc_column][vc_column width=&#8221;1\/2&#8243;][\/vc_column][\/vc_row][vc_row full_width=&#8221;stretch_row&#8221; css=&#8221;.vc_custom_1455830773610{padding-top:\" \/>\n<meta property=\"og:url\" content=\"https:\/\/niwzimediagroup.com\/fr\/plateforme-magazines\/\" \/>\n<meta property=\"og:site_name\" content=\"NIWZI media group\" \/>\n<meta property=\"article:publisher\" content=\"https:\/\/www.facebook.com\/niwzimediagroup\/\" \/>\n<meta property=\"article:modified_time\" content=\"2016-03-16T20:06:19+00:00\" \/>\n<meta name=\"twitter:card\" content=\"summary_large_image\" \/>\n<meta name=\"twitter:site\" content=\"@NiwziMediaGroup\" \/>\n<meta name=\"twitter:label1\" content=\"Est. reading time\" \/>\n\t<meta name=\"twitter:data1\" content=\"6 minutes\" \/>\n<script type=\"application\/ld+json\" class=\"yoast-schema-graph\">{\"@context\":\"https:\/\/schema.org\",\"@graph\":[{\"@type\":\"WebPage\",\"@id\":\"https:\/\/niwzimediagroup.com\/fr\/plateforme-magazines\/\",\"url\":\"https:\/\/niwzimediagroup.com\/fr\/plateforme-magazines\/\",\"name\":\"Magazines - NIWZI media group\",\"isPartOf\":{\"@id\":\"https:\/\/niwzimediagroup.com\/#website\"},\"datePublished\":\"2016-03-14T13:01:03+00:00\",\"dateModified\":\"2016-03-16T20:06:19+00:00\",\"breadcrumb\":{\"@id\":\"https:\/\/niwzimediagroup.com\/fr\/plateforme-magazines\/#breadcrumb\"},\"inLanguage\":\"fr-FR\",\"potentialAction\":[{\"@type\":\"ReadAction\",\"target\":[\"https:\/\/niwzimediagroup.com\/fr\/plateforme-magazines\/\"]}]},{\"@type\":\"BreadcrumbList\",\"@id\":\"https:\/\/niwzimediagroup.com\/fr\/plateforme-magazines\/#breadcrumb\",\"itemListElement\":[{\"@type\":\"ListItem\",\"position\":1,\"name\":\"Home\",\"item\":\"https:\/\/niwzimediagroup.com\/fr\/\"},{\"@type\":\"ListItem\",\"position\":2,\"name\":\"Magazines\"}]},{\"@type\":\"WebSite\",\"@id\":\"https:\/\/niwzimediagroup.com\/#website\",\"url\":\"https:\/\/niwzimediagroup.com\/\",\"name\":\"NIWZI media group\",\"description\":\"We love to publish\",\"potentialAction\":[{\"@type\":\"SearchAction\",\"target\":{\"@type\":\"EntryPoint\",\"urlTemplate\":\"https:\/\/niwzimediagroup.com\/?s={search_term_string}\"},\"query-input\":{\"@type\":\"PropertyValueSpecification\",\"valueRequired\":true,\"valueName\":\"search_term_string\"}}],\"inLanguage\":\"fr-FR\"}]}<\/script>\n<!-- \/ Yoast SEO plugin. -->","yoast_head_json":{"title":"Magazines - NIWZI media group","robots":{"index":"index","follow":"follow","max-snippet":"max-snippet:-1","max-image-preview":"max-image-preview:large","max-video-preview":"max-video-preview:-1"},"canonical":"https:\/\/niwzimediagroup.com\/fr\/plateforme-magazines\/","og_locale":"fr_FR","og_type":"article","og_title":"Magazines - NIWZI media group","og_description":"[vc_row][vc_column][vcex_heading text=&#8221;Nos magazines : un contenu de qualit\u00e9, des concr\u00e9tisations de ventes \u00e9lev\u00e9es&#8221; font_family=&#8221;Raleway&#8221; tag=&#8221;h2&#8243; font_size=&#8221;28&#8243; css=&#8221;.vc_custom_1457960121701{margin-top: 20px !important;}&#8221;][\/vc_column][\/vc_row][vc_row css=&#8221;.vc_custom_1456397456516{margin-bottom: 20px !important;}&#8221;][vc_column][\/vc_column][\/vc_row][vc_row full_width=&#8221;stretch_row&#8221; css=&#8221;.vc_custom_1455830773610{padding-top: 50px !important;background-color: #f3f3f3 !important;}&#8221;][vc_column width=&#8221;1\/2&#8243;][\/vc_column][vc_column width=&#8221;1\/2&#8243;][\/vc_column][\/vc_row][vc_row full_width=&#8221;stretch_row&#8221; css=&#8221;.vc_custom_1455831024867{padding-top: 50px !important;background-color: #ffffff !important;}&#8221;][vc_column width=&#8221;1\/2&#8243;][\/vc_column][vc_column width=&#8221;1\/2&#8243;][\/vc_column][\/vc_row][vc_row full_width=&#8221;stretch_row&#8221; css=&#8221;.vc_custom_1455830773610{padding-top:","og_url":"https:\/\/niwzimediagroup.com\/fr\/plateforme-magazines\/","og_site_name":"NIWZI media group","article_publisher":"https:\/\/www.facebook.com\/niwzimediagroup\/","article_modified_time":"2016-03-16T20:06:19+00:00","twitter_card":"summary_large_image","twitter_site":"@NiwziMediaGroup","twitter_misc":{"Est. reading time":"6 minutes"},"schema":{"@context":"https:\/\/schema.org","@graph":[{"@type":"WebPage","@id":"https:\/\/niwzimediagroup.com\/fr\/plateforme-magazines\/","url":"https:\/\/niwzimediagroup.com\/fr\/plateforme-magazines\/","name":"Magazines - NIWZI media group","isPartOf":{"@id":"https:\/\/niwzimediagroup.com\/#website"},"datePublished":"2016-03-14T13:01:03+00:00","dateModified":"2016-03-16T20:06:19+00:00","breadcrumb":{"@id":"https:\/\/niwzimediagroup.com\/fr\/plateforme-magazines\/#breadcrumb"},"inLanguage":"fr-FR","potentialAction":[{"@type":"ReadAction","target":["https:\/\/niwzimediagroup.com\/fr\/plateforme-magazines\/"]}]},{"@type":"BreadcrumbList","@id":"https:\/\/niwzimediagroup.com\/fr\/plateforme-magazines\/#breadcrumb","itemListElement":[{"@type":"ListItem","position":1,"name":"Home","item":"https:\/\/niwzimediagroup.com\/fr\/"},{"@type":"ListItem","position":2,"name":"Magazines"}]},{"@type":"WebSite","@id":"https:\/\/niwzimediagroup.com\/#website","url":"https:\/\/niwzimediagroup.com\/","name":"NIWZI media group","description":"We love to publish","potentialAction":[{"@type":"SearchAction","target":{"@type":"EntryPoint","urlTemplate":"https:\/\/niwzimediagroup.com\/?s={search_term_string}"},"query-input":{"@type":"PropertyValueSpecification","valueRequired":true,"valueName":"search_term_string"}}],"inLanguage":"fr-FR"}]}},"_links":{"self":[{"href":"https:\/\/niwzimediagroup.com\/fr\/wp-json\/wp\/v2\/pages\/8812","targetHints":{"allow":["GET"]}}],"collection":[{"href":"https:\/\/niwzimediagroup.com\/fr\/wp-json\/wp\/v2\/pages"}],"about":[{"href":"https:\/\/niwzimediagroup.com\/fr\/wp-json\/wp\/v2\/types\/page"}],"author":[{"embeddable":true,"href":"https:\/\/niwzimediagroup.com\/fr\/wp-json\/wp\/v2\/users\/14"}],"replies":[{"embeddable":true,"href":"https:\/\/niwzimediagroup.com\/fr\/wp-json\/wp\/v2\/comments?post=8812"}],"version-history":[{"count":1,"href":"https:\/\/niwzimediagroup.com\/fr\/wp-json\/wp\/v2\/pages\/8812\/revisions"}],"predecessor-version":[{"id":8813,"href":"https:\/\/niwzimediagroup.com\/fr\/wp-json\/wp\/v2\/pages\/8812\/revisions\/8813"}],"wp:attachment":[{"href":"https:\/\/niwzimediagroup.com\/fr\/wp-json\/wp\/v2\/media?parent=8812"}],"curies":[{"name":"wp","href":"https:\/\/api.w.org\/{rel}","templated":true}]}}