{"id":8810,"date":"2016-03-14T13:48:53","date_gmt":"2016-03-14T12:48:53","guid":{"rendered":"http:\/\/niwzimediagroup.com\/fr\/?page_id=8810"},"modified":"2019-10-20T14:25:46","modified_gmt":"2019-10-20T13:25:46","slug":"revendeurs","status":"publish","type":"page","link":"https:\/\/niwzimediagroup.com\/fr\/revendeurs\/","title":{"rendered":"Revendeurs"},"content":{"rendered":"<div class=\"wpb-content-wrapper\">[vc_row][vc_column][vcex_heading text=&#8221;Comment Niwzi peut-elle aider les revendeurs?&#8221; font_family=&#8221;Raleway&#8221; tag=&#8221;h2&#8243; font_size=&#8221;28&#8243; css=&#8221;.vc_custom_1457959094185{margin-top: 20px !important;}&#8221;][\/vc_column][\/vc_row][vc_row][vc_column][vc_column_text css=&#8221;.vc_custom_1457959121510{margin-top: 20px !important;margin-bottom: 40px !important;}&#8221;]<span style=\"font-size: 21px;\">En votre qualit\u00e9 de revendeur, votre site web doit se distinguer de la masse. Cela implique une conception de qualit\u00e9. Ceci \u00e9tant, il doit \u00eatre g\u00e9rable, mais \u00e9galement pr\u00e9senter des contenus et produits convaincants. C&#8217;est \u00e0 cet endroit que nous intervenons.<\/span>[\/vc_column_text][\/vc_column][\/vc_row][vc_row css=&#8221;.vc_custom_1571577736477{margin-bottom: 20px !important;}&#8221; el_class=&#8221;fm-box-wrapper&#8221;][vc_column enable_sticky=&#8221;true&#8221; sticky_offset=&#8221;0&#8243; alignment=&#8221;left&#8221;]<div id=\"mpc_connected_icons-3169f5bb4a4cc4a\" class=\"mpc-connected-icons mpc-init mpc-transition mpc-animation \"  data-animation-in=\"transition.expandIn||1600||0||71\" data-columns=\"5\" data-target=\"icon\" data-layout=\"horizontal\"><div class=\"mpc-connected-icons__line\"><span><\/span><\/div><div data-id=\"mpc_icon_column-6169f5bb4a4cd4a\" class=\"mpc-icon-column mpc-init mpc-parent-hover mpc-transition mpc-icon-column--style_1 mpc-align--center \" ><div data-id=\"mpc_icon-369f5bb4a4cd98\" class=\"mpc-icon mpc-init mpc-transition mpc-effect-none mpc-icon-hover \"><div class=\"mpc-icon-wrap\"><i class=\"mpc-icon-part mpc-regular mpc-transition  etl etl-linegraph\"><\/i><i class=\"mpc-icon-part mpc-hover mpc-transition  etl etl-linegraph\"><\/i><\/div><\/div><div class=\"mpc-icon-column__content-wrap\"><div class=\"mpc-icon-column__content\"><h3 class=\"mpc-icon-column__heading mpc-typography--mpc_preset_17 mpc-transition\">Plus de visiteurs<\/h3><div class=\"mpc-icon-column__description mpc-typography--mpc_preset_44\"><p>Attirez davantage de visiteurs et de pistes de vente dans votre magasin en ligne et physique<\/p>\n<\/div><\/div><\/div><\/div><div data-id=\"mpc_icon_column-669f5bb4a4ce7a\" class=\"mpc-icon-column mpc-init mpc-parent-hover mpc-transition mpc-icon-column--style_1 mpc-align--center \" ><div data-id=\"mpc_icon-7469f5bb4a4ceb5\" class=\"mpc-icon mpc-init mpc-transition mpc-effect-none mpc-icon-hover \"><div class=\"mpc-icon-wrap\"><i class=\"mpc-icon-part mpc-regular mpc-transition  etl etl-hourglass\"><\/i><i class=\"mpc-icon-part mpc-hover mpc-transition  etl etl-hourglass\"><\/i><\/div><\/div><div class=\"mpc-icon-column__content-wrap\"><div class=\"mpc-icon-column__content\"><h3 class=\"mpc-icon-column__heading mpc-typography--mpc_preset_17 mpc-transition\">\u00c9conomisez<\/h3><div class=\"mpc-icon-column__description mpc-typography--mpc_preset_44\"><p>Plus de temps perdu \u00e0 g\u00e9rer les donn\u00e9es relatives aux produits ou \u00e0 mettre les prix \u00e0 jour manuellement<\/p>\n<\/div><\/div><\/div><\/div><div data-id=\"mpc_icon_column-3969f5bb4a4cf4a\" class=\"mpc-icon-column mpc-init mpc-parent-hover mpc-transition mpc-icon-column--style_1 mpc-align--center \" ><div data-id=\"mpc_icon-9669f5bb4a4cf71\" class=\"mpc-icon mpc-init mpc-transition mpc-effect-none mpc-icon-hover \"><div class=\"mpc-icon-wrap\"><i class=\"mpc-icon-part mpc-regular mpc-transition  etl etl-key\"><\/i><i class=\"mpc-icon-part mpc-hover mpc-transition  etl etl-key\"><\/i><\/div><\/div><div class=\"mpc-icon-column__content-wrap\"><div class=\"mpc-icon-column__content\"><h3 class=\"mpc-icon-column__heading mpc-typography--mpc_preset_17 mpc-transition\">Un contr\u00f4le total<\/h3><div class=\"mpc-icon-column__description mpc-typography--mpc_preset_44\"><p>Vous d\u00e9cidez des produits qui figurent en ligne ainsi que des prix.<\/p>\n<\/div><\/div><\/div><\/div><div data-id=\"mpc_icon_column-4869f5bb4a4cffc\" class=\"mpc-icon-column mpc-init mpc-parent-hover mpc-transition mpc-icon-column--style_1 mpc-align--center \" ><div data-id=\"mpc_icon-3469f5bb4a4d024\" class=\"mpc-icon mpc-init mpc-transition mpc-effect-none mpc-icon-hover \"><div class=\"mpc-icon-wrap\"><i class=\"mpc-icon-part mpc-regular mpc-transition  etl etl-scissors\"><\/i><i class=\"mpc-icon-part mpc-hover mpc-transition  etl etl-scissors\"><\/i><\/div><\/div><div class=\"mpc-icon-column__content-wrap\"><div class=\"mpc-icon-column__content\"><h3 class=\"mpc-icon-column__heading mpc-typography--mpc_preset_17 mpc-transition\">Un site web sur mesure<\/h3><div class=\"mpc-icon-column__description mpc-typography--mpc_preset_44\"><p>Nous ajustons votre site web et le concevons selon vos besoins<\/p>\n<\/div><\/div><\/div><\/div><div data-id=\"mpc_icon_column-5569f5bb4a4d0af\" class=\"mpc-icon-column mpc-init mpc-parent-hover mpc-transition mpc-icon-column--style_1 mpc-align--center \" ><div data-id=\"mpc_icon-9369f5bb4a4d0d6\" class=\"mpc-icon mpc-init mpc-transition mpc-effect-none mpc-icon-hover \"><div class=\"mpc-icon-wrap\"><i class=\"mpc-icon-part mpc-regular mpc-transition  etl etl-presentation\"><\/i><i class=\"mpc-icon-part mpc-hover mpc-transition  etl etl-presentation\"><\/i><\/div><\/div><div class=\"mpc-icon-column__content-wrap\"><div class=\"mpc-icon-column__content\"><h3 class=\"mpc-icon-column__heading mpc-typography--mpc_preset_17 mpc-transition\">Outils marketing<\/h3><div class=\"mpc-icon-column__description mpc-typography--mpc_preset_44\"><p>Outils de fid\u00e9lisation de la client\u00e8le<\/p>\n<\/div><\/div><\/div><\/div><\/div>[\/vc_column][\/vc_row][vc_row][vc_column][vc_column_text]\n<h2 style=\"text-align: center;\"><span style=\"font-family: Roboto; font-size: 32px;\"><strong>Plus de visiteurs<\/strong><\/span><\/h2>\n<p style=\"text-align: center;\"><span style=\"font-size: 21px;\">Attirez davantage de visiteurs et de pistes de vente dans votre magasin en ligne et physique (via les moteurs de recherche et nos magazines). Vous figurerez en qualit\u00e9 de revendeur officiel, d&#8217;agent ou d&#8217;installateur d&#8217;une marque \u00e0 l&#8217;\u00e9chelle nationale, mais \u00e9galement dans votre r\u00e9gion.<\/span><\/p>\n[\/vc_column_text][\/vc_column][\/vc_row][vc_row full_width=&#8221;stretch_row&#8221; css=&#8221;.vc_custom_1571577750514{background-color: #ffffff !important;}&#8221; el_class=&#8221;fm-box-wrapper&#8221;][vc_column width=&#8221;1\/2&#8243; min_height=&#8221;600&#8243;]<div class=\"mpc-ribbon-wrap\"><div data-id=\"mpc_callout-1769f5bb4a4d1fe\" class=\"mpc-callout mpc-init mpc-callout--style_3 \" ><div class=\"mpc-callout__icon-wrap\"><div class=\"mpc-callout__icon\"><i class=\"mpc-transition  etl etl-paintbrush\"><\/i><\/div><\/div><div class=\"mpc-callout__content\"><h3 class=\"mpc-callout__heading\">Des th\u00e8mes et designs d'expert<\/h3><div class=\"mpc-callout__description\"><p>Chaque th\u00e8me est cr\u00e9\u00e9 par nos propres concepteurs et correspond \u00e9troitement \u00e0 vos ambitions marketing et commerciales. Gr\u00e2ce aux derni\u00e8res tendances en mati\u00e8re de conception de sites web, votre site demeure pertinent pour de nombreuses ann\u00e9es \u00e0 venir.<\/p>\n<\/div><\/div><\/div><div id=\"mpc_ribbon-4969f5bb4a4d1e3\" class=\"mpc-ribbon mpc-init mpc-alignment--top-left mpc-style--classic \"><div class=\"mpc-ribbon__content\">In-House<\/div><\/div><\/div>[\/vc_column][vc_column width=&#8221;1\/2&#8243;]<div data-id=\"mpc_callout-1969f5bb4a4d2ed\" class=\"mpc-callout mpc-init mpc-callout--style_3 \" ><div class=\"mpc-callout__icon-wrap\"><div class=\"mpc-callout__icon\"><i class=\"mpc-transition  etl etl-puzzle\"><\/i><\/div><\/div><div class=\"mpc-callout__content\"><h3 class=\"mpc-callout__heading mpc-typography--mpc_preset_17\">Ajoutez votre propre contenu<\/h3><div class=\"mpc-callout__description mpc-typography--mpc_preset_44\"><p>Vous pouvez ais\u00e9ment ajouter votre propre contenu \u00e0 votre site web ou magasin. Pr\u00e9sentez votre magasin et votre \u00e9quipe sur des pages distinctes, publiez vos propres promotions, affichez vos produits incontournables dans une galerie ou r\u00e9alisez vos propres forums.<\/p>\n<\/div><\/div><\/div>[\/vc_column][\/vc_row][vc_row full_width=&#8221;stretch_row&#8221; match_column_height=&#8221;yes&#8221; css=&#8221;.vc_custom_1571577760744{padding-bottom: 20px !important;background-color: #ffffff !important;}&#8221; el_class=&#8221;fm-box-wrapper&#8221;][vc_column width=&#8221;1\/2&#8243;]<div data-id=\"mpc_callout-8269f5bb4a4d3b7\" class=\"mpc-callout mpc-init mpc-callout--style_3 \" ><div class=\"mpc-callout__icon-wrap\"><div class=\"mpc-callout__icon\"><i class=\"mpc-transition  etl etl-phone\"><\/i><\/div><\/div><div class=\"mpc-callout__content\"><h3 class=\"mpc-callout__heading\">R\u00e9actif et mobile<\/h3><div class=\"mpc-callout__description\"><p>\u00c0 l&#8217;heure actuelle, les personnes naviguent sur le web \u00e0 l&#8217;aide de dispositifs divers. Gr\u00e2ce \u00e0 une conception web r\u00e9active, votre site est pr\u00eat pour diff\u00e9rentes tailles d&#8217;\u00e9cran comme celles des smartphones et tablettes.<\/p>\n<\/div><\/div><\/div>[\/vc_column][vc_column width=&#8221;1\/2&#8243;]<div data-id=\"mpc_callout-3169f5bb4a4d478\" class=\"mpc-callout mpc-init mpc-callout--style_3 \" ><div class=\"mpc-callout__icon-wrap\"><div class=\"mpc-callout__icon\"><i class=\"mpc-transition  etl etl-global\"><\/i><\/div><\/div><div class=\"mpc-callout__content\"><h3 class=\"mpc-callout__heading mpc-typography--mpc_preset_17\">Davantage de langues et des points de vente multiples<\/h3><div class=\"mpc-callout__description mpc-typography--mpc_preset_44\"><p>Un site web bilingue\u00a0? Vous ciblez d&#8217;autres pays\u00a0? Vous pouvez ajouter des langues suppl\u00e9mentaires \u00e0 tout instant. Vous pouvez \u00e9galement d\u00e9velopper des points de vente multiples que vous g\u00e9rez au d\u00e9part d&#8217;une seule interface.<\/p>\n<\/div><\/div><\/div>[\/vc_column][\/vc_row][vc_row full_width=&#8221;stretch_row&#8221; css=&#8221;.vc_custom_1455832456815{padding-top: 20px !important;padding-bottom: 20px !important;background-color: #ffffff !important;}&#8221;][vc_column][vc_column_text]\n<h2 style=\"text-align: center;\"><span style=\"font-family: Roboto; font-size: 32px;\"><strong>\u00c9conomisez de l&#8217;argent et des ressources<\/strong><\/span><\/h2>\n<p style=\"text-align: center;\"><span style=\"font-size: 21px;\">Plus de temps perdu \u00e0 g\u00e9rer les donn\u00e9es relatives aux produits ou \u00e0 mettre \u00e0 jour les prix<br \/>\nUne gestion centralis\u00e9e des donn\u00e9es relatives aux produits<br \/>\nFocalisation sur la concr\u00e9tisation des ventes en ligne et les clients physiques<br \/>\n<\/span><\/p>\n[\/vc_column_text][\/vc_column][\/vc_row][vc_row full_width=&#8221;stretch_row&#8221; css=&#8221;.vc_custom_1455832430059{padding-bottom: 20px !important;background-color: #f3f3f3 !important;}&#8221;][vc_column][vc_column_text]\n<h2 style=\"text-align: center;\"><span style=\"font-family: Roboto; font-size: 32px;\"><strong><b>Total control<\/b><\/strong><\/span><\/h2>\n<p style=\"text-align: center;\"><span style=\"font-size: 21px;\"><span style=\"font-weight: 400;\">Tout se fait du bout des doigts. Vous s\u00e9lectionnez les produits qui figureront en ligne<br \/>\nSaisissez le pouvoir de fixation des prix<br \/>\nLien vers votre inventaire<br \/>\nUn produit fait d\u00e9faut? Notre \u00e9quipe va le publier.<\/span><span style=\"font-weight: 400;\"><br \/>\n<\/span><\/span><\/p>\n[\/vc_column_text][\/vc_column][\/vc_row][vc_row full_width=&#8221;stretch_row&#8221; css=&#8221;.vc_custom_1455832527403{padding-top: 20px !important;padding-bottom: 20px !important;background-color: #ffffff !important;}&#8221;][vc_column][vc_column_text]\n<h2 style=\"text-align: center;\"><span style=\"font-family: Roboto; font-size: 32px;\"><strong><b>Site web 100% personnalisable<\/b><\/strong><\/span><\/h2>\n<p style=\"text-align: center;\"><span style=\"font-weight: 400; font-size: 21px;\">Notre \u00e9quipe de concepteurs\u2026<br \/>\nNous cr\u00e9ons un site web qui correspond aux besoins de votre entreprise<br \/>\n<\/span><\/p>\n[\/vc_column_text][\/vc_column][\/vc_row]\n<\/div>","protected":false},"excerpt":{"rendered":"<p>[vc_row][vc_column][vcex_heading text=&#8221;Comment Niwzi peut-elle aider les revendeurs?&#8221; font_family=&#8221;Raleway&#8221; tag=&#8221;h2&#8243; font_size=&#8221;28&#8243; css=&#8221;.vc_custom_1457959094185{margin-top: 20px !important;}&#8221;][\/vc_column][\/vc_row][vc_row][vc_column][vc_column_text css=&#8221;.vc_custom_1457959121510{margin-top: 20px !important;margin-bottom: 40px !important;}&#8221;]En votre qualit\u00e9 de revendeur, votre site web doit se distinguer de la masse. Cela implique une conception de qualit\u00e9. Ceci \u00e9tant, il<\/p>\n","protected":false},"author":14,"featured_media":0,"parent":0,"menu_order":2,"comment_status":"closed","ping_status":"closed","template":"","meta":{"footnotes":""},"class_list":["post-8810","page","type-page","status-publish","hentry","entry"],"yoast_head":"<!-- This site is optimized with the Yoast SEO plugin v26.2 - https:\/\/yoast.com\/wordpress\/plugins\/seo\/ -->\n<title>Revendeurs - NIWZI media group<\/title>\n<meta name=\"robots\" content=\"index, follow, max-snippet:-1, max-image-preview:large, max-video-preview:-1\" \/>\n<link rel=\"canonical\" href=\"https:\/\/niwzimediagroup.com\/fr\/revendeurs\/\" \/>\n<meta property=\"og:locale\" content=\"fr_FR\" \/>\n<meta property=\"og:type\" content=\"article\" \/>\n<meta property=\"og:title\" content=\"Revendeurs - NIWZI media group\" \/>\n<meta property=\"og:description\" content=\"[vc_row][vc_column][vcex_heading text=&#8221;Comment Niwzi peut-elle aider les revendeurs?&#8221; font_family=&#8221;Raleway&#8221; tag=&#8221;h2&#8243; font_size=&#8221;28&#8243; css=&#8221;.vc_custom_1457959094185{margin-top: 20px !important;}&#8221;][\/vc_column][\/vc_row][vc_row][vc_column][vc_column_text css=&#8221;.vc_custom_1457959121510{margin-top: 20px !important;margin-bottom: 40px !important;}&#8221;]En votre qualit\u00e9 de revendeur, votre site web doit se distinguer de la masse. Cela implique une conception de qualit\u00e9. Ceci \u00e9tant, il\" \/>\n<meta property=\"og:url\" content=\"https:\/\/niwzimediagroup.com\/fr\/revendeurs\/\" \/>\n<meta property=\"og:site_name\" content=\"NIWZI media group\" \/>\n<meta property=\"article:publisher\" content=\"https:\/\/www.facebook.com\/niwzimediagroup\/\" \/>\n<meta property=\"article:modified_time\" content=\"2019-10-20T13:25:46+00:00\" \/>\n<meta name=\"twitter:card\" content=\"summary_large_image\" \/>\n<meta name=\"twitter:site\" content=\"@NiwziMediaGroup\" \/>\n<meta name=\"twitter:label1\" content=\"Est. reading time\" \/>\n\t<meta name=\"twitter:data1\" content=\"13 minutes\" \/>\n<script type=\"application\/ld+json\" class=\"yoast-schema-graph\">{\"@context\":\"https:\/\/schema.org\",\"@graph\":[{\"@type\":\"WebPage\",\"@id\":\"https:\/\/niwzimediagroup.com\/fr\/revendeurs\/\",\"url\":\"https:\/\/niwzimediagroup.com\/fr\/revendeurs\/\",\"name\":\"Revendeurs - NIWZI media group\",\"isPartOf\":{\"@id\":\"https:\/\/niwzimediagroup.com\/#website\"},\"datePublished\":\"2016-03-14T12:48:53+00:00\",\"dateModified\":\"2019-10-20T13:25:46+00:00\",\"breadcrumb\":{\"@id\":\"https:\/\/niwzimediagroup.com\/fr\/revendeurs\/#breadcrumb\"},\"inLanguage\":\"fr-FR\",\"potentialAction\":[{\"@type\":\"ReadAction\",\"target\":[\"https:\/\/niwzimediagroup.com\/fr\/revendeurs\/\"]}]},{\"@type\":\"BreadcrumbList\",\"@id\":\"https:\/\/niwzimediagroup.com\/fr\/revendeurs\/#breadcrumb\",\"itemListElement\":[{\"@type\":\"ListItem\",\"position\":1,\"name\":\"Home\",\"item\":\"https:\/\/niwzimediagroup.com\/fr\/\"},{\"@type\":\"ListItem\",\"position\":2,\"name\":\"Revendeurs\"}]},{\"@type\":\"WebSite\",\"@id\":\"https:\/\/niwzimediagroup.com\/#website\",\"url\":\"https:\/\/niwzimediagroup.com\/\",\"name\":\"NIWZI media group\",\"description\":\"We love to publish\",\"potentialAction\":[{\"@type\":\"SearchAction\",\"target\":{\"@type\":\"EntryPoint\",\"urlTemplate\":\"https:\/\/niwzimediagroup.com\/?s={search_term_string}\"},\"query-input\":{\"@type\":\"PropertyValueSpecification\",\"valueRequired\":true,\"valueName\":\"search_term_string\"}}],\"inLanguage\":\"fr-FR\"}]}<\/script>\n<!-- \/ Yoast SEO plugin. -->","yoast_head_json":{"title":"Revendeurs - NIWZI media group","robots":{"index":"index","follow":"follow","max-snippet":"max-snippet:-1","max-image-preview":"max-image-preview:large","max-video-preview":"max-video-preview:-1"},"canonical":"https:\/\/niwzimediagroup.com\/fr\/revendeurs\/","og_locale":"fr_FR","og_type":"article","og_title":"Revendeurs - NIWZI media group","og_description":"[vc_row][vc_column][vcex_heading text=&#8221;Comment Niwzi peut-elle aider les revendeurs?&#8221; font_family=&#8221;Raleway&#8221; tag=&#8221;h2&#8243; font_size=&#8221;28&#8243; css=&#8221;.vc_custom_1457959094185{margin-top: 20px !important;}&#8221;][\/vc_column][\/vc_row][vc_row][vc_column][vc_column_text css=&#8221;.vc_custom_1457959121510{margin-top: 20px !important;margin-bottom: 40px !important;}&#8221;]En votre qualit\u00e9 de revendeur, votre site web doit se distinguer de la masse. Cela implique une conception de qualit\u00e9. Ceci \u00e9tant, il","og_url":"https:\/\/niwzimediagroup.com\/fr\/revendeurs\/","og_site_name":"NIWZI media group","article_publisher":"https:\/\/www.facebook.com\/niwzimediagroup\/","article_modified_time":"2019-10-20T13:25:46+00:00","twitter_card":"summary_large_image","twitter_site":"@NiwziMediaGroup","twitter_misc":{"Est. reading time":"13 minutes"},"schema":{"@context":"https:\/\/schema.org","@graph":[{"@type":"WebPage","@id":"https:\/\/niwzimediagroup.com\/fr\/revendeurs\/","url":"https:\/\/niwzimediagroup.com\/fr\/revendeurs\/","name":"Revendeurs - NIWZI media group","isPartOf":{"@id":"https:\/\/niwzimediagroup.com\/#website"},"datePublished":"2016-03-14T12:48:53+00:00","dateModified":"2019-10-20T13:25:46+00:00","breadcrumb":{"@id":"https:\/\/niwzimediagroup.com\/fr\/revendeurs\/#breadcrumb"},"inLanguage":"fr-FR","potentialAction":[{"@type":"ReadAction","target":["https:\/\/niwzimediagroup.com\/fr\/revendeurs\/"]}]},{"@type":"BreadcrumbList","@id":"https:\/\/niwzimediagroup.com\/fr\/revendeurs\/#breadcrumb","itemListElement":[{"@type":"ListItem","position":1,"name":"Home","item":"https:\/\/niwzimediagroup.com\/fr\/"},{"@type":"ListItem","position":2,"name":"Revendeurs"}]},{"@type":"WebSite","@id":"https:\/\/niwzimediagroup.com\/#website","url":"https:\/\/niwzimediagroup.com\/","name":"NIWZI media group","description":"We love to publish","potentialAction":[{"@type":"SearchAction","target":{"@type":"EntryPoint","urlTemplate":"https:\/\/niwzimediagroup.com\/?s={search_term_string}"},"query-input":{"@type":"PropertyValueSpecification","valueRequired":true,"valueName":"search_term_string"}}],"inLanguage":"fr-FR"}]}},"_links":{"self":[{"href":"https:\/\/niwzimediagroup.com\/fr\/wp-json\/wp\/v2\/pages\/8810","targetHints":{"allow":["GET"]}}],"collection":[{"href":"https:\/\/niwzimediagroup.com\/fr\/wp-json\/wp\/v2\/pages"}],"about":[{"href":"https:\/\/niwzimediagroup.com\/fr\/wp-json\/wp\/v2\/types\/page"}],"author":[{"embeddable":true,"href":"https:\/\/niwzimediagroup.com\/fr\/wp-json\/wp\/v2\/users\/14"}],"replies":[{"embeddable":true,"href":"https:\/\/niwzimediagroup.com\/fr\/wp-json\/wp\/v2\/comments?post=8810"}],"version-history":[{"count":6,"href":"https:\/\/niwzimediagroup.com\/fr\/wp-json\/wp\/v2\/pages\/8810\/revisions"}],"predecessor-version":[{"id":9823,"href":"https:\/\/niwzimediagroup.com\/fr\/wp-json\/wp\/v2\/pages\/8810\/revisions\/9823"}],"wp:attachment":[{"href":"https:\/\/niwzimediagroup.com\/fr\/wp-json\/wp\/v2\/media?parent=8810"}],"curies":[{"name":"wp","href":"https:\/\/api.w.org\/{rel}","templated":true}]}}